{"id":113,"date":"2019-02-28T14:37:51","date_gmt":"2019-02-28T13:37:51","guid":{"rendered":"http:\/\/lepontdescerfs.fr\/?page_id=113"},"modified":"2019-03-19T10:38:52","modified_gmt":"2019-03-19T09:38:52","slug":"les-arbres","status":"publish","type":"page","link":"https:\/\/lepontdescerfs.fr\/?page_id=113","title":{"rendered":"Les arbres"},"content":{"rendered":"\n<figure class=\"wp-block-image\"><a href=\"https:\/\/lepontdescerfs.fr\/wp-content\/uploads\/2019\/02\/20180919_191629_resized.jpg\" target=\"_blank\" rel=\"noreferrer noopener\"><img loading=\"lazy\" decoding=\"async\" width=\"768\" height=\"1024\" src=\"https:\/\/lepontdescerfs.fr\/wp-content\/uploads\/2019\/02\/20180919_191629_resized-768x1024.jpg\" alt=\"\" class=\"wp-image-106\" srcset=\"https:\/\/lepontdescerfs.fr\/wp-content\/uploads\/2019\/02\/20180919_191629_resized-768x1024.jpg 768w, https:\/\/lepontdescerfs.fr\/wp-content\/uploads\/2019\/02\/20180919_191629_resized-225x300.jpg 225w, https:\/\/lepontdescerfs.fr\/wp-content\/uploads\/2019\/02\/20180919_191629_resized.jpg 1836w\" sizes=\"(max-width: 706px) 89vw, (max-width: 767px) 82vw, 740px\" \/><\/a><figcaption>34 arbres &#8211; des acacias surtout &#8211; ont pouss\u00e9s \u00e0 l&rsquo;arri\u00e8re de la maison.<\/figcaption><\/figure>\n\n\n\n<figure class=\"wp-block-image\"><a href=\"https:\/\/lepontdescerfs.fr\/wp-content\/uploads\/2019\/02\/20170730_153013_resized.jpg\" target=\"_blank\" rel=\"noreferrer noopener\"><img loading=\"lazy\" decoding=\"async\" width=\"1024\" height=\"576\" src=\"https:\/\/lepontdescerfs.fr\/wp-content\/uploads\/2019\/02\/20170730_153013_resized-1024x576.jpg\" alt=\"\" class=\"wp-image-103\" srcset=\"https:\/\/lepontdescerfs.fr\/wp-content\/uploads\/2019\/02\/20170730_153013_resized-1024x576.jpg 1024w, https:\/\/lepontdescerfs.fr\/wp-content\/uploads\/2019\/02\/20170730_153013_resized-300x169.jpg 300w, https:\/\/lepontdescerfs.fr\/wp-content\/uploads\/2019\/02\/20170730_153013_resized-768x432.jpg 768w\" sizes=\"(max-width: 706px) 89vw, (max-width: 767px) 82vw, 740px\" \/><\/a><figcaption>Certains contre la maison, enfon\u00e7ant les goutti\u00e8res.<\/figcaption><\/figure>\n\n\n\n<figure class=\"wp-block-image\"><a href=\"https:\/\/lepontdescerfs.fr\/wp-content\/uploads\/2019\/02\/20180927_190551_resized_1.jpg\" target=\"_blank\" rel=\"noreferrer noopener\"><img loading=\"lazy\" decoding=\"async\" width=\"768\" height=\"1024\" src=\"https:\/\/lepontdescerfs.fr\/wp-content\/uploads\/2019\/02\/20180927_190551_resized_1-768x1024.jpg\" alt=\"\" class=\"wp-image-110\" srcset=\"https:\/\/lepontdescerfs.fr\/wp-content\/uploads\/2019\/02\/20180927_190551_resized_1-768x1024.jpg 768w, https:\/\/lepontdescerfs.fr\/wp-content\/uploads\/2019\/02\/20180927_190551_resized_1-225x300.jpg 225w, https:\/\/lepontdescerfs.fr\/wp-content\/uploads\/2019\/02\/20180927_190551_resized_1.jpg 1836w\" sizes=\"(max-width: 706px) 89vw, (max-width: 767px) 82vw, 740px\" \/><\/a><figcaption>Couper les arbres en veillant \u00e0 ce qu&rsquo;ils ne tombent pas sur la maison.<\/figcaption><\/figure>\n\n\n\n<figure class=\"wp-block-image\"><a href=\"https:\/\/lepontdescerfs.fr\/wp-content\/uploads\/2019\/02\/20180927_190832_resized.jpg\" target=\"_blank\" rel=\"noreferrer noopener\"><img loading=\"lazy\" decoding=\"async\" width=\"1024\" height=\"768\" src=\"https:\/\/lepontdescerfs.fr\/wp-content\/uploads\/2019\/02\/20180927_190832_resized-1024x768.jpg\" alt=\"\" class=\"wp-image-111\" srcset=\"https:\/\/lepontdescerfs.fr\/wp-content\/uploads\/2019\/02\/20180927_190832_resized-1024x768.jpg 1024w, https:\/\/lepontdescerfs.fr\/wp-content\/uploads\/2019\/02\/20180927_190832_resized-300x225.jpg 300w, https:\/\/lepontdescerfs.fr\/wp-content\/uploads\/2019\/02\/20180927_190832_resized-768x576.jpg 768w\" sizes=\"(max-width: 706px) 89vw, (max-width: 767px) 82vw, 740px\" \/><\/a><figcaption>Les attacher au dessus du centre de gravit\u00e9 pour pouvoir les tirer sans qu&rsquo;ils basculent.<\/figcaption><\/figure>\n\n\n\n<figure class=\"wp-block-image\"><a href=\"https:\/\/lepontdescerfs.fr\/wp-content\/uploads\/2019\/02\/20180927_174401_resized.jpg\" target=\"_blank\" rel=\"noreferrer noopener\"><img loading=\"lazy\" decoding=\"async\" width=\"768\" height=\"1024\" src=\"https:\/\/lepontdescerfs.fr\/wp-content\/uploads\/2019\/02\/20180927_174401_resized-768x1024.jpg\" alt=\"\" class=\"wp-image-107\" srcset=\"https:\/\/lepontdescerfs.fr\/wp-content\/uploads\/2019\/02\/20180927_174401_resized-768x1024.jpg 768w, https:\/\/lepontdescerfs.fr\/wp-content\/uploads\/2019\/02\/20180927_174401_resized-225x300.jpg 225w, https:\/\/lepontdescerfs.fr\/wp-content\/uploads\/2019\/02\/20180927_174401_resized.jpg 1836w\" sizes=\"(max-width: 706px) 89vw, (max-width: 767px) 82vw, 740px\" \/><\/a><figcaption>Toujours attacher solidement l&rsquo;\u00e9chelle pour monter sur un arbre (risque \u00e9lev\u00e9 de chute sinon).<\/figcaption><\/figure>\n\n\n\n<figure class=\"wp-block-image\"><a href=\"https:\/\/lepontdescerfs.fr\/wp-content\/uploads\/2019\/02\/20180927_183730_resized.jpg\" target=\"_blank\" rel=\"noreferrer noopener\"><img loading=\"lazy\" decoding=\"async\" width=\"1024\" height=\"768\" src=\"https:\/\/lepontdescerfs.fr\/wp-content\/uploads\/2019\/02\/20180927_183730_resized-1024x768.jpg\" alt=\"\" class=\"wp-image-108\" srcset=\"https:\/\/lepontdescerfs.fr\/wp-content\/uploads\/2019\/02\/20180927_183730_resized-1024x768.jpg 1024w, https:\/\/lepontdescerfs.fr\/wp-content\/uploads\/2019\/02\/20180927_183730_resized-300x225.jpg 300w, https:\/\/lepontdescerfs.fr\/wp-content\/uploads\/2019\/02\/20180927_183730_resized-768x576.jpg 768w\" sizes=\"(max-width: 706px) 89vw, (max-width: 767px) 82vw, 740px\" \/><\/a><figcaption>Au moins 3 points de fixation r\u00e9partis.<\/figcaption><\/figure>\n\n\n\n<figure class=\"wp-block-image\"><a href=\"https:\/\/lepontdescerfs.fr\/wp-content\/uploads\/2019\/02\/20180927_183738_resized.jpg\" target=\"_blank\" rel=\"noreferrer noopener\"><img loading=\"lazy\" decoding=\"async\" width=\"1024\" height=\"768\" src=\"https:\/\/lepontdescerfs.fr\/wp-content\/uploads\/2019\/02\/20180927_183738_resized-1024x768.jpg\" alt=\"\" class=\"wp-image-109\" srcset=\"https:\/\/lepontdescerfs.fr\/wp-content\/uploads\/2019\/02\/20180927_183738_resized-1024x768.jpg 1024w, https:\/\/lepontdescerfs.fr\/wp-content\/uploads\/2019\/02\/20180927_183738_resized-300x225.jpg 300w, https:\/\/lepontdescerfs.fr\/wp-content\/uploads\/2019\/02\/20180927_183738_resized-768x576.jpg 768w\" sizes=\"(max-width: 706px) 89vw, (max-width: 767px) 82vw, 740px\" \/><\/a><figcaption>Et une tige emp\u00eachant la rotation de l&rsquo;\u00e9chelle autours de l&rsquo;arbre.<\/figcaption><\/figure>\n\n\n\n<figure class=\"wp-block-image\"><a href=\"https:\/\/lepontdescerfs.fr\/wp-content\/uploads\/2019\/02\/20180829_175600_resized.jpg\" target=\"_blank\" rel=\"noreferrer noopener\"><img loading=\"lazy\" decoding=\"async\" width=\"576\" height=\"1024\" src=\"https:\/\/lepontdescerfs.fr\/wp-content\/uploads\/2019\/02\/20180829_175600_resized-576x1024.jpg\" alt=\"\" class=\"wp-image-102\" srcset=\"https:\/\/lepontdescerfs.fr\/wp-content\/uploads\/2019\/02\/20180829_175600_resized-576x1024.jpg 576w, https:\/\/lepontdescerfs.fr\/wp-content\/uploads\/2019\/02\/20180829_175600_resized-169x300.jpg 169w, https:\/\/lepontdescerfs.fr\/wp-content\/uploads\/2019\/02\/20180829_175600_resized-768x1365.jpg 768w, https:\/\/lepontdescerfs.fr\/wp-content\/uploads\/2019\/02\/20180829_175600_resized.jpg 1377w\" sizes=\"(max-width: 576px) 100vw, 576px\" \/><\/a><figcaption>D\u00e9bris d&rsquo;anciens travaux de couverture retrouv\u00e9s dans le sol (des personnes pas tr\u00e8s s\u00e9rieuses).<\/figcaption><\/figure>\n\n\n\n<figure class=\"wp-block-image\"><a href=\"https:\/\/lepontdescerfs.fr\/wp-content\/uploads\/2019\/03\/20180915_193519_1552913497852_resized.jpg\" target=\"_blank\" rel=\"noreferrer noopener\"><img loading=\"lazy\" decoding=\"async\" width=\"1024\" height=\"768\" src=\"https:\/\/lepontdescerfs.fr\/wp-content\/uploads\/2019\/03\/20180915_193519_1552913497852_resized-1024x768.jpg\" alt=\"\" class=\"wp-image-311\" srcset=\"https:\/\/lepontdescerfs.fr\/wp-content\/uploads\/2019\/03\/20180915_193519_1552913497852_resized-1024x768.jpg 1024w, https:\/\/lepontdescerfs.fr\/wp-content\/uploads\/2019\/03\/20180915_193519_1552913497852_resized-300x225.jpg 300w, https:\/\/lepontdescerfs.fr\/wp-content\/uploads\/2019\/03\/20180915_193519_1552913497852_resized-768x576.jpg 768w, https:\/\/lepontdescerfs.fr\/wp-content\/uploads\/2019\/03\/20180915_193519_1552913497852_resized.jpg 1632w\" sizes=\"(max-width: 706px) 89vw, (max-width: 767px) 82vw, 740px\" \/><\/a><figcaption>Bricolage d&rsquo;un chevalet.<\/figcaption><\/figure>\n\n\n\n<figure class=\"wp-block-image\"><a href=\"https:\/\/lepontdescerfs.fr\/wp-content\/uploads\/2019\/02\/20180919_191249_resized.jpg\" target=\"_blank\" rel=\"noreferrer noopener\"><img loading=\"lazy\" decoding=\"async\" width=\"1024\" height=\"768\" src=\"https:\/\/lepontdescerfs.fr\/wp-content\/uploads\/2019\/02\/20180919_191249_resized-1024x768.jpg\" alt=\"\" class=\"wp-image-105\" srcset=\"https:\/\/lepontdescerfs.fr\/wp-content\/uploads\/2019\/02\/20180919_191249_resized-1024x768.jpg 1024w, https:\/\/lepontdescerfs.fr\/wp-content\/uploads\/2019\/02\/20180919_191249_resized-300x225.jpg 300w, https:\/\/lepontdescerfs.fr\/wp-content\/uploads\/2019\/02\/20180919_191249_resized-768x576.jpg 768w\" sizes=\"(max-width: 706px) 89vw, (max-width: 767px) 82vw, 740px\" \/><\/a><figcaption>Les arbres finissent en b\u00fbches.<\/figcaption><\/figure>\n","protected":false},"excerpt":{"rendered":"","protected":false},"author":1,"featured_media":0,"parent":0,"menu_order":0,"comment_status":"closed","ping_status":"closed","template":"","meta":{"footnotes":""},"_links":{"self":[{"href":"https:\/\/lepontdescerfs.fr\/index.php?rest_route=\/wp\/v2\/pages\/113"}],"collection":[{"href":"https:\/\/lepontdescerfs.fr\/index.php?rest_route=\/wp\/v2\/pages"}],"about":[{"href":"https:\/\/lepontdescerfs.fr\/index.php?rest_route=\/wp\/v2\/types\/page"}],"author":[{"embeddable":true,"href":"https:\/\/lepontdescerfs.fr\/index.php?rest_route=\/wp\/v2\/users\/1"}],"replies":[{"embeddable":true,"href":"https:\/\/lepontdescerfs.fr\/index.php?rest_route=%2Fwp%2Fv2%2Fcomments&post=113"}],"version-history":[{"count":16,"href":"https:\/\/lepontdescerfs.fr\/index.php?rest_route=\/wp\/v2\/pages\/113\/revisions"}],"predecessor-version":[{"id":315,"href":"https:\/\/lepontdescerfs.fr\/index.php?rest_route=\/wp\/v2\/pages\/113\/revisions\/315"}],"wp:attachment":[{"href":"https:\/\/lepontdescerfs.fr\/index.php?rest_route=%2Fwp%2Fv2%2Fmedia&parent=113"}],"curies":[{"name":"wp","href":"https:\/\/api.w.org\/{rel}","templated":true}]}}