{"id":128,"date":"2019-02-28T15:15:32","date_gmt":"2019-02-28T14:15:32","guid":{"rendered":"http:\/\/lepontdescerfs.fr\/?page_id=128"},"modified":"2019-04-12T18:18:56","modified_gmt":"2019-04-12T16:18:56","slug":"les-plantations","status":"publish","type":"page","link":"https:\/\/lepontdescerfs.fr\/?page_id=128","title":{"rendered":"Les plantations"},"content":{"rendered":"\n<figure class=\"wp-block-image\"><a href=\"https:\/\/lepontdescerfs.fr\/wp-content\/uploads\/2019\/02\/20190228_100333_resized.jpg\" target=\"_blank\" rel=\"noreferrer noopener\"><img loading=\"lazy\" decoding=\"async\" width=\"225\" height=\"300\" src=\"https:\/\/lepontdescerfs.fr\/wp-content\/uploads\/2019\/02\/20190228_100333_resized-225x300.jpg\" alt=\"\" class=\"wp-image-134\" srcset=\"https:\/\/lepontdescerfs.fr\/wp-content\/uploads\/2019\/02\/20190228_100333_resized-225x300.jpg 225w, https:\/\/lepontdescerfs.fr\/wp-content\/uploads\/2019\/02\/20190228_100333_resized-768x1024.jpg 768w, https:\/\/lepontdescerfs.fr\/wp-content\/uploads\/2019\/02\/20190228_100333_resized.jpg 1836w\" sizes=\"(max-width: 225px) 100vw, 225px\" \/><\/a><figcaption>Quelques plants de pommes de terre pour commencer \u00e0 occuper le terrain.<\/figcaption><\/figure>\n\n\n\n<figure class=\"wp-block-image\"><a href=\"https:\/\/lepontdescerfs.fr\/wp-content\/uploads\/2019\/02\/20180721_183515_resized.jpg\" target=\"_blank\" rel=\"noreferrer noopener\"><img loading=\"lazy\" decoding=\"async\" width=\"576\" height=\"1024\" src=\"https:\/\/lepontdescerfs.fr\/wp-content\/uploads\/2019\/02\/20180721_183515_resized-576x1024.jpg\" alt=\"\" class=\"wp-image-132\" srcset=\"https:\/\/lepontdescerfs.fr\/wp-content\/uploads\/2019\/02\/20180721_183515_resized-576x1024.jpg 576w, https:\/\/lepontdescerfs.fr\/wp-content\/uploads\/2019\/02\/20180721_183515_resized-169x300.jpg 169w, https:\/\/lepontdescerfs.fr\/wp-content\/uploads\/2019\/02\/20180721_183515_resized-768x1365.jpg 768w, https:\/\/lepontdescerfs.fr\/wp-content\/uploads\/2019\/02\/20180721_183515_resized.jpg 1377w\" sizes=\"(max-width: 576px) 100vw, 576px\" \/><\/a><figcaption>Lanc\u00e9es tard en \u00e9t\u00e9 (2018, tr\u00e8s chaud), mais elles ont bien pris. 24 plants ont donn\u00e9s 120 patates, sans aucun engrais ni pesticide.<\/figcaption><\/figure>\n\n\n\n<figure class=\"wp-block-image\"><a href=\"https:\/\/lepontdescerfs.fr\/wp-content\/uploads\/2019\/02\/20180705_150042_resized.jpg\" target=\"_blank\" rel=\"noreferrer noopener\"><img loading=\"lazy\" decoding=\"async\" width=\"1024\" height=\"576\" src=\"https:\/\/lepontdescerfs.fr\/wp-content\/uploads\/2019\/02\/20180705_150042_resized-1024x576.jpg\" alt=\"\" class=\"wp-image-131\" srcset=\"https:\/\/lepontdescerfs.fr\/wp-content\/uploads\/2019\/02\/20180705_150042_resized-1024x576.jpg 1024w, https:\/\/lepontdescerfs.fr\/wp-content\/uploads\/2019\/02\/20180705_150042_resized-300x169.jpg 300w, https:\/\/lepontdescerfs.fr\/wp-content\/uploads\/2019\/02\/20180705_150042_resized-768x432.jpg 768w\" sizes=\"(max-width: 706px) 89vw, (max-width: 767px) 82vw, 740px\" \/><\/a><figcaption>Quelques plants de carottes ont moins bien pris. A retenter.<\/figcaption><\/figure>\n\n\n\n<figure class=\"wp-block-image\"><a href=\"https:\/\/lepontdescerfs.fr\/wp-content\/uploads\/2019\/02\/20180721_192301_resized.jpg\" target=\"_blank\" rel=\"noreferrer noopener\"><img loading=\"lazy\" decoding=\"async\" width=\"1024\" height=\"576\" src=\"https:\/\/lepontdescerfs.fr\/wp-content\/uploads\/2019\/02\/20180721_192301_resized-1024x576.jpg\" alt=\"\" class=\"wp-image-141\" srcset=\"https:\/\/lepontdescerfs.fr\/wp-content\/uploads\/2019\/02\/20180721_192301_resized-1024x576.jpg 1024w, https:\/\/lepontdescerfs.fr\/wp-content\/uploads\/2019\/02\/20180721_192301_resized-300x169.jpg 300w, https:\/\/lepontdescerfs.fr\/wp-content\/uploads\/2019\/02\/20180721_192301_resized-768x432.jpg 768w\" sizes=\"(max-width: 706px) 89vw, (max-width: 767px) 82vw, 740px\" \/><\/a><figcaption>Un vieux poirier &#8211; gros arbre \u00e0 droite &#8211; a produit des fruits en juillet (2018).<\/figcaption><\/figure>\n\n\n\n<figure class=\"wp-block-image\"><a href=\"https:\/\/lepontdescerfs.fr\/wp-content\/uploads\/2019\/02\/20180722_141625_resized.jpg\" target=\"_blank\" rel=\"noreferrer noopener\"><img loading=\"lazy\" decoding=\"async\" width=\"576\" height=\"1024\" src=\"https:\/\/lepontdescerfs.fr\/wp-content\/uploads\/2019\/02\/20180722_141625_resized-576x1024.jpg\" alt=\"\" class=\"wp-image-142\" srcset=\"https:\/\/lepontdescerfs.fr\/wp-content\/uploads\/2019\/02\/20180722_141625_resized-576x1024.jpg 576w, https:\/\/lepontdescerfs.fr\/wp-content\/uploads\/2019\/02\/20180722_141625_resized-169x300.jpg 169w, https:\/\/lepontdescerfs.fr\/wp-content\/uploads\/2019\/02\/20180722_141625_resized-768x1365.jpg 768w, https:\/\/lepontdescerfs.fr\/wp-content\/uploads\/2019\/02\/20180722_141625_resized.jpg 1377w\" sizes=\"(max-width: 576px) 100vw, 576px\" \/><\/a><figcaption>3kg par jour de toutes petites poires r\u00e9cup\u00e9r\u00e9es dans le filet. Le reste servant aux oiseaux et aux insectes (dont la rar\u00e9faction se per\u00e7oit clairement en zone d&rsquo;agriculture industrielle !!) . <\/figcaption><\/figure>\n\n\n\n<figure class=\"wp-block-image\"><a href=\"https:\/\/lepontdescerfs.fr\/wp-content\/uploads\/2019\/02\/20181202_154941_1551117441374_resized.jpg\" target=\"_blank\" rel=\"noreferrer noopener\"><img loading=\"lazy\" decoding=\"async\" width=\"1024\" height=\"768\" src=\"https:\/\/lepontdescerfs.fr\/wp-content\/uploads\/2019\/02\/20181202_154941_1551117441374_resized-1024x768.jpg\" alt=\"\" class=\"wp-image-143\" srcset=\"https:\/\/lepontdescerfs.fr\/wp-content\/uploads\/2019\/02\/20181202_154941_1551117441374_resized-1024x768.jpg 1024w, https:\/\/lepontdescerfs.fr\/wp-content\/uploads\/2019\/02\/20181202_154941_1551117441374_resized-300x225.jpg 300w, https:\/\/lepontdescerfs.fr\/wp-content\/uploads\/2019\/02\/20181202_154941_1551117441374_resized-768x576.jpg 768w, https:\/\/lepontdescerfs.fr\/wp-content\/uploads\/2019\/02\/20181202_154941_1551117441374_resized.jpg 1632w\" sizes=\"(max-width: 706px) 89vw, (max-width: 767px) 82vw, 740px\" \/><\/a><figcaption>Plantation dans l&rsquo;hiver 2018-2019 de deux cerisiers compatibles (Bigarreau  van et Napol\u00e9on). Terrain tr\u00e8s caillouteux. Un chemin passait il y a longtemps sur le bas du terrain (sud), il a manifestement \u00e9t\u00e9 stabilis\u00e9 par des pierres (sur 40cm selon ce premier sondage). <\/figcaption><\/figure>\n\n\n\n<figure class=\"wp-block-image\"><a href=\"https:\/\/lepontdescerfs.fr\/wp-content\/uploads\/2019\/02\/20181208_110830_1551117382124_resized.jpg\" target=\"_blank\" rel=\"noreferrer noopener\"><img loading=\"lazy\" decoding=\"async\" width=\"768\" height=\"1024\" src=\"https:\/\/lepontdescerfs.fr\/wp-content\/uploads\/2019\/02\/20181208_110830_1551117382124_resized-768x1024.jpg\" alt=\"\" class=\"wp-image-144\" srcset=\"https:\/\/lepontdescerfs.fr\/wp-content\/uploads\/2019\/02\/20181208_110830_1551117382124_resized-768x1024.jpg 768w, https:\/\/lepontdescerfs.fr\/wp-content\/uploads\/2019\/02\/20181208_110830_1551117382124_resized-225x300.jpg 225w, https:\/\/lepontdescerfs.fr\/wp-content\/uploads\/2019\/02\/20181208_110830_1551117382124_resized.jpg 1224w\" sizes=\"(max-width: 706px) 89vw, (max-width: 767px) 82vw, 740px\" \/><\/a><figcaption>Un cerisier avec son paillage.<\/figcaption><\/figure>\n\n\n\n<div class=\"wp-block-columns has-2-columns is-layout-flex wp-container-core-columns-is-layout-1 wp-block-columns-is-layout-flex\">\n<div class=\"wp-block-column is-layout-flow wp-block-column-is-layout-flow\">\n<figure class=\"wp-block-image\"><a href=\"https:\/\/lepontdescerfs.fr\/wp-content\/uploads\/2019\/02\/20190212_184525.jpg\" target=\"_blank\" rel=\"noreferrer noopener\"><img loading=\"lazy\" decoding=\"async\" width=\"225\" height=\"300\" src=\"https:\/\/lepontdescerfs.fr\/wp-content\/uploads\/2019\/02\/20190212_184525-225x300.jpg\" alt=\"\" class=\"wp-image-145\" srcset=\"https:\/\/lepontdescerfs.fr\/wp-content\/uploads\/2019\/02\/20190212_184525-225x300.jpg 225w, https:\/\/lepontdescerfs.fr\/wp-content\/uploads\/2019\/02\/20190212_184525-768x1024.jpg 768w\" sizes=\"(max-width: 225px) 100vw, 225px\" \/><\/a><figcaption>D&rsquo;un pommier Belle de Boskoop.<\/figcaption><\/figure>\n<\/div>\n\n\n\n<div class=\"wp-block-column is-layout-flow wp-block-column-is-layout-flow\">\n<figure class=\"wp-block-image\"><a href=\"https:\/\/lepontdescerfs.fr\/wp-content\/uploads\/2019\/02\/20190223_165523_resized.jpg\" target=\"_blank\" rel=\"noreferrer noopener\"><img loading=\"lazy\" decoding=\"async\" width=\"225\" height=\"300\" src=\"https:\/\/lepontdescerfs.fr\/wp-content\/uploads\/2019\/02\/20190223_165523_resized-225x300.jpg\" alt=\"\" class=\"wp-image-148\" srcset=\"https:\/\/lepontdescerfs.fr\/wp-content\/uploads\/2019\/02\/20190223_165523_resized-225x300.jpg 225w, https:\/\/lepontdescerfs.fr\/wp-content\/uploads\/2019\/02\/20190223_165523_resized-768x1024.jpg 768w, https:\/\/lepontdescerfs.fr\/wp-content\/uploads\/2019\/02\/20190223_165523_resized.jpg 1836w\" sizes=\"(max-width: 225px) 100vw, 225px\" \/><\/a><figcaption>D&rsquo;un pommier Reine des reinettes.<\/figcaption><\/figure>\n<\/div>\n<\/div>\n\n\n\n<figure class=\"wp-block-image\"><a href=\"https:\/\/lepontdescerfs.fr\/wp-content\/uploads\/2019\/04\/20190407_193858_resized.jpg\" target=\"_blank\" rel=\"noreferrer noopener\"><img loading=\"lazy\" decoding=\"async\" width=\"768\" height=\"1024\" src=\"https:\/\/lepontdescerfs.fr\/wp-content\/uploads\/2019\/04\/20190407_193858_resized-768x1024.jpg\" alt=\"\" class=\"wp-image-388\" srcset=\"https:\/\/lepontdescerfs.fr\/wp-content\/uploads\/2019\/04\/20190407_193858_resized-768x1024.jpg 768w, https:\/\/lepontdescerfs.fr\/wp-content\/uploads\/2019\/04\/20190407_193858_resized-225x300.jpg 225w, https:\/\/lepontdescerfs.fr\/wp-content\/uploads\/2019\/04\/20190407_193858_resized.jpg 1836w\" sizes=\"(max-width: 706px) 89vw, (max-width: 767px) 82vw, 740px\" \/><\/a><figcaption>Le pommier Reine des reinettes<\/figcaption><\/figure>\n\n\n\n<div class=\"wp-block-columns has-2-columns is-layout-flex wp-container-core-columns-is-layout-2 wp-block-columns-is-layout-flex\">\n<div class=\"wp-block-column is-layout-flow wp-block-column-is-layout-flow\">\n<figure class=\"wp-block-image\"><a href=\"https:\/\/lepontdescerfs.fr\/wp-content\/uploads\/2019\/02\/20190223_165419.jpg\" target=\"_blank\" rel=\"noreferrer noopener\"><img loading=\"lazy\" decoding=\"async\" width=\"225\" height=\"300\" src=\"https:\/\/lepontdescerfs.fr\/wp-content\/uploads\/2019\/02\/20190223_165419-225x300.jpg\" alt=\"\" class=\"wp-image-146\" srcset=\"https:\/\/lepontdescerfs.fr\/wp-content\/uploads\/2019\/02\/20190223_165419-225x300.jpg 225w, https:\/\/lepontdescerfs.fr\/wp-content\/uploads\/2019\/02\/20190223_165419-768x1024.jpg 768w\" sizes=\"(max-width: 225px) 100vw, 225px\" \/><\/a><figcaption>D&rsquo;un poirier Williams jaune.<\/figcaption><\/figure>\n<\/div>\n\n\n\n<div class=\"wp-block-column is-layout-flow wp-block-column-is-layout-flow\">\n<figure class=\"wp-block-image\"><a href=\"https:\/\/lepontdescerfs.fr\/wp-content\/uploads\/2019\/02\/20190223_165435.jpg\" target=\"_blank\" rel=\"noreferrer noopener\"><img loading=\"lazy\" decoding=\"async\" width=\"225\" height=\"300\" src=\"https:\/\/lepontdescerfs.fr\/wp-content\/uploads\/2019\/02\/20190223_165435-225x300.jpg\" alt=\"\" class=\"wp-image-147\" srcset=\"https:\/\/lepontdescerfs.fr\/wp-content\/uploads\/2019\/02\/20190223_165435-225x300.jpg 225w, https:\/\/lepontdescerfs.fr\/wp-content\/uploads\/2019\/02\/20190223_165435-768x1024.jpg 768w\" sizes=\"(max-width: 225px) 100vw, 225px\" \/><\/a><figcaption>D&rsquo;un figuier Goutte de miel.<\/figcaption><\/figure>\n<\/div>\n<\/div>\n\n\n\n<figure class=\"wp-block-image\"><a href=\"https:\/\/lepontdescerfs.fr\/wp-content\/uploads\/2019\/04\/20190407_193939_resized.jpg\" target=\"_blank\" rel=\"noreferrer noopener\"><img loading=\"lazy\" decoding=\"async\" width=\"768\" height=\"1024\" src=\"https:\/\/lepontdescerfs.fr\/wp-content\/uploads\/2019\/04\/20190407_193939_resized-768x1024.jpg\" alt=\"\" class=\"wp-image-389\" srcset=\"https:\/\/lepontdescerfs.fr\/wp-content\/uploads\/2019\/04\/20190407_193939_resized-768x1024.jpg 768w, https:\/\/lepontdescerfs.fr\/wp-content\/uploads\/2019\/04\/20190407_193939_resized-225x300.jpg 225w, https:\/\/lepontdescerfs.fr\/wp-content\/uploads\/2019\/04\/20190407_193939_resized.jpg 1836w\" sizes=\"(max-width: 706px) 89vw, (max-width: 767px) 82vw, 740px\" \/><\/a><figcaption>Le poirier Williams jaune, \u00e0 cot\u00e9 du vieux poirier en esp\u00e9rant qu&rsquo;il soit compatible pour le fertiliser.<\/figcaption><\/figure>\n\n\n\n<figure class=\"wp-block-image\"><a href=\"https:\/\/lepontdescerfs.fr\/wp-content\/uploads\/2019\/03\/20190302_115004_1551564128763_resized.jpg\" target=\"_blank\" rel=\"noreferrer noopener\"><img loading=\"lazy\" decoding=\"async\" width=\"768\" height=\"1024\" src=\"https:\/\/lepontdescerfs.fr\/wp-content\/uploads\/2019\/03\/20190302_115004_1551564128763_resized-768x1024.jpg\" alt=\"\" class=\"wp-image-267\" srcset=\"https:\/\/lepontdescerfs.fr\/wp-content\/uploads\/2019\/03\/20190302_115004_1551564128763_resized-768x1024.jpg 768w, https:\/\/lepontdescerfs.fr\/wp-content\/uploads\/2019\/03\/20190302_115004_1551564128763_resized-225x300.jpg 225w, https:\/\/lepontdescerfs.fr\/wp-content\/uploads\/2019\/03\/20190302_115004_1551564128763_resized.jpg 1224w\" sizes=\"(max-width: 706px) 89vw, (max-width: 767px) 82vw, 740px\" \/><\/a><figcaption>R\u00e9cup\u00e9ration en mars 2019 des m\u00b2 devant la maison sur les orties et le lierre. Graines de moutarde sem\u00e9es.<\/figcaption><\/figure>\n\n\n\n<figure class=\"wp-block-image\"><a href=\"https:\/\/lepontdescerfs.fr\/wp-content\/uploads\/2019\/04\/20190407_173040_1554801327465_resized.jpg\" target=\"_blank\" rel=\"noreferrer noopener\"><img loading=\"lazy\" decoding=\"async\" width=\"768\" height=\"1024\" src=\"https:\/\/lepontdescerfs.fr\/wp-content\/uploads\/2019\/04\/20190407_173040_1554801327465_resized-768x1024.jpg\" alt=\"\" class=\"wp-image-387\" srcset=\"https:\/\/lepontdescerfs.fr\/wp-content\/uploads\/2019\/04\/20190407_173040_1554801327465_resized-768x1024.jpg 768w, https:\/\/lepontdescerfs.fr\/wp-content\/uploads\/2019\/04\/20190407_173040_1554801327465_resized-225x300.jpg 225w, https:\/\/lepontdescerfs.fr\/wp-content\/uploads\/2019\/04\/20190407_173040_1554801327465_resized.jpg 1224w\" sizes=\"(max-width: 706px) 89vw, (max-width: 767px) 82vw, 740px\" \/><\/a><figcaption>A\u00e9ration de la terre sans la retourner pour y planter des oignons. Apr\u00e8s les pommes de terre et un paillage tout l&rsquo;hiver la terre est tr\u00e8s meuble et les vers de terre sont au rendez vous.<br><br><\/figcaption><\/figure>\n","protected":false},"excerpt":{"rendered":"","protected":false},"author":1,"featured_media":0,"parent":0,"menu_order":0,"comment_status":"closed","ping_status":"closed","template":"","meta":{"footnotes":""},"_links":{"self":[{"href":"https:\/\/lepontdescerfs.fr\/index.php?rest_route=\/wp\/v2\/pages\/128"}],"collection":[{"href":"https:\/\/lepontdescerfs.fr\/index.php?rest_route=\/wp\/v2\/pages"}],"about":[{"href":"https:\/\/lepontdescerfs.fr\/index.php?rest_route=\/wp\/v2\/types\/page"}],"author":[{"embeddable":true,"href":"https:\/\/lepontdescerfs.fr\/index.php?rest_route=\/wp\/v2\/users\/1"}],"replies":[{"embeddable":true,"href":"https:\/\/lepontdescerfs.fr\/index.php?rest_route=%2Fwp%2Fv2%2Fcomments&post=128"}],"version-history":[{"count":26,"href":"https:\/\/lepontdescerfs.fr\/index.php?rest_route=\/wp\/v2\/pages\/128\/revisions"}],"predecessor-version":[{"id":398,"href":"https:\/\/lepontdescerfs.fr\/index.php?rest_route=\/wp\/v2\/pages\/128\/revisions\/398"}],"wp:attachment":[{"href":"https:\/\/lepontdescerfs.fr\/index.php?rest_route=%2Fwp%2Fv2%2Fmedia&parent=128"}],"curies":[{"name":"wp","href":"https:\/\/api.w.org\/{rel}","templated":true}]}}