{"id":160,"date":"2019-02-28T16:09:25","date_gmt":"2019-02-28T15:09:25","guid":{"rendered":"http:\/\/lepontdescerfs.fr\/?page_id=160"},"modified":"2019-05-16T15:43:15","modified_gmt":"2019-05-16T13:43:15","slug":"le-puits","status":"publish","type":"page","link":"https:\/\/lepontdescerfs.fr\/?page_id=160","title":{"rendered":"Le puits"},"content":{"rendered":"\n<figure class=\"wp-block-image\"><a href=\"https:\/\/lepontdescerfs.fr\/wp-content\/uploads\/2019\/02\/20180705_150014_resized.jpg\" target=\"_blank\" rel=\"noreferrer noopener\"><img loading=\"lazy\" decoding=\"async\" width=\"1024\" height=\"576\" src=\"https:\/\/lepontdescerfs.fr\/wp-content\/uploads\/2019\/02\/20180705_150014_resized-1024x576.jpg\" alt=\"\" class=\"wp-image-158\" srcset=\"https:\/\/lepontdescerfs.fr\/wp-content\/uploads\/2019\/02\/20180705_150014_resized-1024x576.jpg 1024w, https:\/\/lepontdescerfs.fr\/wp-content\/uploads\/2019\/02\/20180705_150014_resized-300x169.jpg 300w, https:\/\/lepontdescerfs.fr\/wp-content\/uploads\/2019\/02\/20180705_150014_resized-768x432.jpg 768w\" sizes=\"(max-width: 706px) 89vw, (max-width: 767px) 82vw, 740px\" \/><\/a><figcaption>Super il y un puits. Eau \u00e0 5 m\u00e8tres de la margelle, profondeur 4 m\u00e8tres au printemps (2018).<br>Mesure mi mai 2019 : eau \u00e0 6m50, 2m50 d&rsquo;eau.<\/figcaption><\/figure>\n\n\n\n<figure class=\"wp-block-image\"><a href=\"https:\/\/lepontdescerfs.fr\/wp-content\/uploads\/2019\/02\/20180624_145014_resized.jpg\" target=\"_blank\" rel=\"noreferrer noopener\"><img loading=\"lazy\" decoding=\"async\" width=\"576\" height=\"1024\" src=\"https:\/\/lepontdescerfs.fr\/wp-content\/uploads\/2019\/02\/20180624_145014_resized-576x1024.jpg\" alt=\"\" class=\"wp-image-157\" srcset=\"https:\/\/lepontdescerfs.fr\/wp-content\/uploads\/2019\/02\/20180624_145014_resized-576x1024.jpg 576w, https:\/\/lepontdescerfs.fr\/wp-content\/uploads\/2019\/02\/20180624_145014_resized-169x300.jpg 169w, https:\/\/lepontdescerfs.fr\/wp-content\/uploads\/2019\/02\/20180624_145014_resized-768x1365.jpg 768w, https:\/\/lepontdescerfs.fr\/wp-content\/uploads\/2019\/02\/20180624_145014_resized.jpg 1377w\" sizes=\"(max-width: 576px) 100vw, 576px\" \/><\/a><figcaption>Construction d&rsquo;une ch\u00e8vre.<\/figcaption><\/figure>\n\n\n\n<figure class=\"wp-block-image\"><a href=\"https:\/\/lepontdescerfs.fr\/wp-content\/uploads\/2019\/02\/20180619_140203_resized.jpg\" target=\"_blank\" rel=\"noreferrer noopener\"><img loading=\"lazy\" decoding=\"async\" width=\"576\" height=\"1024\" src=\"https:\/\/lepontdescerfs.fr\/wp-content\/uploads\/2019\/02\/20180619_140203_resized-576x1024.jpg\" alt=\"\" class=\"wp-image-156\" srcset=\"https:\/\/lepontdescerfs.fr\/wp-content\/uploads\/2019\/02\/20180619_140203_resized-576x1024.jpg 576w, https:\/\/lepontdescerfs.fr\/wp-content\/uploads\/2019\/02\/20180619_140203_resized-169x300.jpg 169w, https:\/\/lepontdescerfs.fr\/wp-content\/uploads\/2019\/02\/20180619_140203_resized-768x1365.jpg 768w, https:\/\/lepontdescerfs.fr\/wp-content\/uploads\/2019\/02\/20180619_140203_resized.jpg 1377w\" sizes=\"(max-width: 576px) 100vw, 576px\" \/><\/a><figcaption>Le puits avec sa ch\u00e8vre.<\/figcaption><\/figure>\n\n\n\n<figure class=\"wp-block-image\"><a href=\"https:\/\/lepontdescerfs.fr\/wp-content\/uploads\/2019\/02\/20180526_201933_resized.jpg\" target=\"_blank\" rel=\"noreferrer noopener\"><img loading=\"lazy\" decoding=\"async\" width=\"576\" height=\"1024\" src=\"https:\/\/lepontdescerfs.fr\/wp-content\/uploads\/2019\/02\/20180526_201933_resized-576x1024.jpg\" alt=\"\" class=\"wp-image-155\" srcset=\"https:\/\/lepontdescerfs.fr\/wp-content\/uploads\/2019\/02\/20180526_201933_resized-576x1024.jpg 576w, https:\/\/lepontdescerfs.fr\/wp-content\/uploads\/2019\/02\/20180526_201933_resized-169x300.jpg 169w, https:\/\/lepontdescerfs.fr\/wp-content\/uploads\/2019\/02\/20180526_201933_resized-768x1365.jpg 768w, https:\/\/lepontdescerfs.fr\/wp-content\/uploads\/2019\/02\/20180526_201933_resized.jpg 1377w\" sizes=\"(max-width: 576px) 100vw, 576px\" \/><\/a><figcaption>Ancien tube de pompe (10 m\u00e8tres en m\u00e9tal !), retir\u00e9 avec l&rsquo;aide d&rsquo;un voisin tr\u00e8s sympa. La solidarit\u00e9 est une r\u00e9alit\u00e9 dans les campagnes.<\/figcaption><\/figure>\n","protected":false},"excerpt":{"rendered":"","protected":false},"author":1,"featured_media":0,"parent":0,"menu_order":0,"comment_status":"closed","ping_status":"closed","template":"","meta":{"footnotes":""},"_links":{"self":[{"href":"https:\/\/lepontdescerfs.fr\/index.php?rest_route=\/wp\/v2\/pages\/160"}],"collection":[{"href":"https:\/\/lepontdescerfs.fr\/index.php?rest_route=\/wp\/v2\/pages"}],"about":[{"href":"https:\/\/lepontdescerfs.fr\/index.php?rest_route=\/wp\/v2\/types\/page"}],"author":[{"embeddable":true,"href":"https:\/\/lepontdescerfs.fr\/index.php?rest_route=\/wp\/v2\/users\/1"}],"replies":[{"embeddable":true,"href":"https:\/\/lepontdescerfs.fr\/index.php?rest_route=%2Fwp%2Fv2%2Fcomments&post=160"}],"version-history":[{"count":12,"href":"https:\/\/lepontdescerfs.fr\/index.php?rest_route=\/wp\/v2\/pages\/160\/revisions"}],"predecessor-version":[{"id":444,"href":"https:\/\/lepontdescerfs.fr\/index.php?rest_route=\/wp\/v2\/pages\/160\/revisions\/444"}],"wp:attachment":[{"href":"https:\/\/lepontdescerfs.fr\/index.php?rest_route=%2Fwp%2Fv2%2Fmedia&parent=160"}],"curies":[{"name":"wp","href":"https:\/\/api.w.org\/{rel}","templated":true}]}}