{"id":176,"date":"2019-02-28T19:12:17","date_gmt":"2019-02-28T18:12:17","guid":{"rendered":"http:\/\/lepontdescerfs.fr\/?page_id=176"},"modified":"2019-03-02T23:44:39","modified_gmt":"2019-03-02T22:44:39","slug":"le-poele","status":"publish","type":"page","link":"https:\/\/lepontdescerfs.fr\/?page_id=176","title":{"rendered":"Le po\u00eale"},"content":{"rendered":"\n<figure class=\"wp-block-image\"><a href=\"https:\/\/lepontdescerfs.fr\/wp-content\/uploads\/2019\/02\/20180920_142624_resized.jpg\" target=\"_blank\" rel=\"noreferrer noopener\"><img loading=\"lazy\" decoding=\"async\" width=\"768\" height=\"1024\" src=\"https:\/\/lepontdescerfs.fr\/wp-content\/uploads\/2019\/02\/20180920_142624_resized-768x1024.jpg\" alt=\"\" class=\"wp-image-173\" srcset=\"https:\/\/lepontdescerfs.fr\/wp-content\/uploads\/2019\/02\/20180920_142624_resized-768x1024.jpg 768w, https:\/\/lepontdescerfs.fr\/wp-content\/uploads\/2019\/02\/20180920_142624_resized-225x300.jpg 225w, https:\/\/lepontdescerfs.fr\/wp-content\/uploads\/2019\/02\/20180920_142624_resized.jpg 1836w\" sizes=\"(max-width: 706px) 89vw, (max-width: 767px) 82vw, 740px\" \/><\/a><figcaption>Premier essai de po\u00eale type \u00ab\u00a0rocket stove\u00a0\u00bb, construit totalement au pifom\u00e8tre.<\/figcaption><\/figure>\n\n\n\n<figure class=\"wp-block-image\"><a href=\"https:\/\/lepontdescerfs.fr\/wp-content\/uploads\/2019\/02\/20180920_144846_resized.jpg\" target=\"_blank\" rel=\"noreferrer noopener\"><img loading=\"lazy\" decoding=\"async\" width=\"768\" height=\"1024\" src=\"https:\/\/lepontdescerfs.fr\/wp-content\/uploads\/2019\/02\/20180920_144846_resized-768x1024.jpg\" alt=\"\" class=\"wp-image-174\" srcset=\"https:\/\/lepontdescerfs.fr\/wp-content\/uploads\/2019\/02\/20180920_144846_resized-768x1024.jpg 768w, https:\/\/lepontdescerfs.fr\/wp-content\/uploads\/2019\/02\/20180920_144846_resized-225x300.jpg 225w, https:\/\/lepontdescerfs.fr\/wp-content\/uploads\/2019\/02\/20180920_144846_resized.jpg 1836w\" sizes=\"(max-width: 706px) 89vw, (max-width: 767px) 82vw, 740px\" \/><\/a><figcaption>Ca marchotte.<\/figcaption><\/figure>\n\n\n\n<figure class=\"wp-block-image\"><a href=\"https:\/\/lepontdescerfs.fr\/wp-content\/uploads\/2019\/02\/20180920_154000_resized.jpg\" target=\"_blank\" rel=\"noreferrer noopener\"><img loading=\"lazy\" decoding=\"async\" width=\"768\" height=\"1024\" src=\"https:\/\/lepontdescerfs.fr\/wp-content\/uploads\/2019\/02\/20180920_154000_resized-768x1024.jpg\" alt=\"\" class=\"wp-image-175\" srcset=\"https:\/\/lepontdescerfs.fr\/wp-content\/uploads\/2019\/02\/20180920_154000_resized-768x1024.jpg 768w, https:\/\/lepontdescerfs.fr\/wp-content\/uploads\/2019\/02\/20180920_154000_resized-225x300.jpg 225w, https:\/\/lepontdescerfs.fr\/wp-content\/uploads\/2019\/02\/20180920_154000_resized.jpg 1836w\" sizes=\"(max-width: 706px) 89vw, (max-width: 767px) 82vw, 740px\" \/><\/a><figcaption>Et permet de cuire quelques saucisses bienvenues.<\/figcaption><\/figure>\n\n\n\n<figure class=\"wp-block-image\"><a href=\"https:\/\/lepontdescerfs.fr\/wp-content\/uploads\/2019\/02\/20170730_154129_resized_1.jpg\" target=\"_blank\" rel=\"noreferrer noopener\"><img loading=\"lazy\" decoding=\"async\" width=\"1024\" height=\"576\" src=\"https:\/\/lepontdescerfs.fr\/wp-content\/uploads\/2019\/02\/20170730_154129_resized_1-1024x576.jpg\" alt=\"\" class=\"wp-image-254\" srcset=\"https:\/\/lepontdescerfs.fr\/wp-content\/uploads\/2019\/02\/20170730_154129_resized_1-1024x576.jpg 1024w, https:\/\/lepontdescerfs.fr\/wp-content\/uploads\/2019\/02\/20170730_154129_resized_1-300x169.jpg 300w, https:\/\/lepontdescerfs.fr\/wp-content\/uploads\/2019\/02\/20170730_154129_resized_1-768x432.jpg 768w\" sizes=\"(max-width: 706px) 89vw, (max-width: 767px) 82vw, 740px\" \/><\/a><figcaption>La chemin\u00e9e, pleine de bistre, fait une ouverture \u00e9norme (40cm x 1m35) dans la pi\u00e8ce. A supprimer pour un tuyau allant directement au toit (prot\u00e9g\u00e9 en bas pour \u00e9viter de s&rsquo;y br\u00fbler ).<\/figcaption><\/figure>\n\n\n\n<figure class=\"wp-block-image\"><a href=\"https:\/\/lepontdescerfs.fr\/wp-content\/uploads\/2019\/03\/20190302_173517_resized.jpg\" target=\"_blank\" rel=\"noreferrer noopener\"><img loading=\"lazy\" decoding=\"async\" width=\"768\" height=\"1024\" src=\"https:\/\/lepontdescerfs.fr\/wp-content\/uploads\/2019\/03\/20190302_173517_resized-768x1024.jpg\" alt=\"\" class=\"wp-image-262\" srcset=\"https:\/\/lepontdescerfs.fr\/wp-content\/uploads\/2019\/03\/20190302_173517_resized-768x1024.jpg 768w, https:\/\/lepontdescerfs.fr\/wp-content\/uploads\/2019\/03\/20190302_173517_resized-225x300.jpg 225w, https:\/\/lepontdescerfs.fr\/wp-content\/uploads\/2019\/03\/20190302_173517_resized.jpg 1836w\" sizes=\"(max-width: 706px) 89vw, (max-width: 767px) 82vw, 740px\" \/><\/a><figcaption>Po\u00eale achet\u00e9 sur leboncoin  pour commencer.<\/figcaption><\/figure>\n","protected":false},"excerpt":{"rendered":"","protected":false},"author":1,"featured_media":0,"parent":0,"menu_order":0,"comment_status":"closed","ping_status":"closed","template":"","meta":{"footnotes":""},"_links":{"self":[{"href":"https:\/\/lepontdescerfs.fr\/index.php?rest_route=\/wp\/v2\/pages\/176"}],"collection":[{"href":"https:\/\/lepontdescerfs.fr\/index.php?rest_route=\/wp\/v2\/pages"}],"about":[{"href":"https:\/\/lepontdescerfs.fr\/index.php?rest_route=\/wp\/v2\/types\/page"}],"author":[{"embeddable":true,"href":"https:\/\/lepontdescerfs.fr\/index.php?rest_route=\/wp\/v2\/users\/1"}],"replies":[{"embeddable":true,"href":"https:\/\/lepontdescerfs.fr\/index.php?rest_route=%2Fwp%2Fv2%2Fcomments&post=176"}],"version-history":[{"count":6,"href":"https:\/\/lepontdescerfs.fr\/index.php?rest_route=\/wp\/v2\/pages\/176\/revisions"}],"predecessor-version":[{"id":266,"href":"https:\/\/lepontdescerfs.fr\/index.php?rest_route=\/wp\/v2\/pages\/176\/revisions\/266"}],"wp:attachment":[{"href":"https:\/\/lepontdescerfs.fr\/index.php?rest_route=%2Fwp%2Fv2%2Fmedia&parent=176"}],"curies":[{"name":"wp","href":"https:\/\/api.w.org\/{rel}","templated":true}]}}