{"id":187,"date":"2019-02-28T19:38:26","date_gmt":"2019-02-28T18:38:26","guid":{"rendered":"http:\/\/lepontdescerfs.fr\/?page_id=187"},"modified":"2019-02-28T19:44:38","modified_gmt":"2019-02-28T18:44:38","slug":"le-composteur","status":"publish","type":"page","link":"https:\/\/lepontdescerfs.fr\/?page_id=187","title":{"rendered":"Le composteur"},"content":{"rendered":"\n<figure class=\"wp-block-image\"><a href=\"https:\/\/lepontdescerfs.fr\/wp-content\/uploads\/2019\/02\/20180721_183510_resized.jpg\" target=\"_blank\" rel=\"noreferrer noopener\"><img loading=\"lazy\" decoding=\"async\" width=\"576\" height=\"1024\" src=\"https:\/\/lepontdescerfs.fr\/wp-content\/uploads\/2019\/02\/20180721_183510_resized-576x1024.jpg\" alt=\"\" class=\"wp-image-185\" srcset=\"https:\/\/lepontdescerfs.fr\/wp-content\/uploads\/2019\/02\/20180721_183510_resized-576x1024.jpg 576w, https:\/\/lepontdescerfs.fr\/wp-content\/uploads\/2019\/02\/20180721_183510_resized-169x300.jpg 169w, https:\/\/lepontdescerfs.fr\/wp-content\/uploads\/2019\/02\/20180721_183510_resized-768x1365.jpg 768w, https:\/\/lepontdescerfs.fr\/wp-content\/uploads\/2019\/02\/20180721_183510_resized.jpg 1377w\" sizes=\"(max-width: 576px) 100vw, 576px\" \/><\/a><figcaption>Compost d\u00e9marr\u00e9 en tas avec les poires \u00e0 terre.<\/figcaption><\/figure>\n\n\n\n<figure class=\"wp-block-image\"><a href=\"https:\/\/lepontdescerfs.fr\/wp-content\/uploads\/2019\/02\/20180824_193407_resized.jpg\" target=\"_blank\" rel=\"noreferrer noopener\"><img loading=\"lazy\" decoding=\"async\" width=\"1024\" height=\"576\" src=\"https:\/\/lepontdescerfs.fr\/wp-content\/uploads\/2019\/02\/20180824_193407_resized-1024x576.jpg\" alt=\"\" class=\"wp-image-186\" srcset=\"https:\/\/lepontdescerfs.fr\/wp-content\/uploads\/2019\/02\/20180824_193407_resized-1024x576.jpg 1024w, https:\/\/lepontdescerfs.fr\/wp-content\/uploads\/2019\/02\/20180824_193407_resized-300x169.jpg 300w, https:\/\/lepontdescerfs.fr\/wp-content\/uploads\/2019\/02\/20180824_193407_resized-768x432.jpg 768w\" sizes=\"(max-width: 706px) 89vw, (max-width: 767px) 82vw, 740px\" \/><\/a><figcaption>Composteur vendu par la mairie pour en favoriser l&rsquo;usage. Ma fille m&rsquo;a gentiment  aid\u00e9 \u00e0 l&rsquo;assembler.<\/figcaption><\/figure>\n","protected":false},"excerpt":{"rendered":"","protected":false},"author":1,"featured_media":0,"parent":0,"menu_order":0,"comment_status":"closed","ping_status":"closed","template":"","meta":{"footnotes":""},"_links":{"self":[{"href":"https:\/\/lepontdescerfs.fr\/index.php?rest_route=\/wp\/v2\/pages\/187"}],"collection":[{"href":"https:\/\/lepontdescerfs.fr\/index.php?rest_route=\/wp\/v2\/pages"}],"about":[{"href":"https:\/\/lepontdescerfs.fr\/index.php?rest_route=\/wp\/v2\/types\/page"}],"author":[{"embeddable":true,"href":"https:\/\/lepontdescerfs.fr\/index.php?rest_route=\/wp\/v2\/users\/1"}],"replies":[{"embeddable":true,"href":"https:\/\/lepontdescerfs.fr\/index.php?rest_route=%2Fwp%2Fv2%2Fcomments&post=187"}],"version-history":[{"count":2,"href":"https:\/\/lepontdescerfs.fr\/index.php?rest_route=\/wp\/v2\/pages\/187\/revisions"}],"predecessor-version":[{"id":190,"href":"https:\/\/lepontdescerfs.fr\/index.php?rest_route=\/wp\/v2\/pages\/187\/revisions\/190"}],"wp:attachment":[{"href":"https:\/\/lepontdescerfs.fr\/index.php?rest_route=%2Fwp%2Fv2%2Fmedia&parent=187"}],"curies":[{"name":"wp","href":"https:\/\/api.w.org\/{rel}","templated":true}]}}