{"id":194,"date":"2019-02-28T19:52:54","date_gmt":"2019-02-28T18:52:54","guid":{"rendered":"http:\/\/lepontdescerfs.fr\/?page_id=194"},"modified":"2019-02-28T20:31:49","modified_gmt":"2019-02-28T19:31:49","slug":"labris-de-jardin","status":"publish","type":"page","link":"https:\/\/lepontdescerfs.fr\/?page_id=194","title":{"rendered":"L&rsquo;abri de jardin"},"content":{"rendered":"\n<figure class=\"wp-block-image\"><a href=\"https:\/\/lepontdescerfs.fr\/wp-content\/uploads\/2019\/02\/20170730_155515_resized.jpg\" target=\"_blank\" rel=\"noreferrer noopener\"><img loading=\"lazy\" decoding=\"async\" width=\"1024\" height=\"576\" src=\"https:\/\/lepontdescerfs.fr\/wp-content\/uploads\/2019\/02\/20170730_155515_resized-1024x576.jpg\" alt=\"\" class=\"wp-image-191\" srcset=\"https:\/\/lepontdescerfs.fr\/wp-content\/uploads\/2019\/02\/20170730_155515_resized-1024x576.jpg 1024w, https:\/\/lepontdescerfs.fr\/wp-content\/uploads\/2019\/02\/20170730_155515_resized-300x169.jpg 300w, https:\/\/lepontdescerfs.fr\/wp-content\/uploads\/2019\/02\/20170730_155515_resized-768x432.jpg 768w\" sizes=\"(max-width: 706px) 89vw, (max-width: 767px) 82vw, 740px\" \/><\/a><figcaption>Un \u00e9norme lierre avait pouss\u00e9 \u00e0 travers le toit de l&rsquo;abri.<\/figcaption><\/figure>\n\n\n\n<figure class=\"wp-block-image\"><a href=\"https:\/\/lepontdescerfs.fr\/wp-content\/uploads\/2019\/02\/20180811_175615_resized.jpg\" target=\"_blank\" rel=\"noreferrer noopener\"><img loading=\"lazy\" decoding=\"async\" width=\"1024\" height=\"576\" src=\"https:\/\/lepontdescerfs.fr\/wp-content\/uploads\/2019\/02\/20180811_175615_resized-1024x576.jpg\" alt=\"\" class=\"wp-image-192\" srcset=\"https:\/\/lepontdescerfs.fr\/wp-content\/uploads\/2019\/02\/20180811_175615_resized-1024x576.jpg 1024w, https:\/\/lepontdescerfs.fr\/wp-content\/uploads\/2019\/02\/20180811_175615_resized-300x169.jpg 300w, https:\/\/lepontdescerfs.fr\/wp-content\/uploads\/2019\/02\/20180811_175615_resized-768x432.jpg 768w\" sizes=\"(max-width: 706px) 89vw, (max-width: 767px) 82vw, 740px\" \/><\/a><figcaption>Les tuiles fa\u00eeti\u00e8res n&rsquo;\u00e9taient pas ma\u00e7onn\u00e9es ! Du coup  l&rsquo;eau a endommag\u00e9e la panne fa\u00eeti\u00e8re.<\/figcaption><\/figure>\n\n\n\n<figure class=\"wp-block-image\"><a href=\"https:\/\/lepontdescerfs.fr\/wp-content\/uploads\/2019\/02\/20180816_174059_resized_1.jpg\" target=\"_blank\" rel=\"noreferrer noopener\"><img loading=\"lazy\" decoding=\"async\" width=\"1024\" height=\"576\" src=\"https:\/\/lepontdescerfs.fr\/wp-content\/uploads\/2019\/02\/20180816_174059_resized_1-1024x576.jpg\" alt=\"\" class=\"wp-image-193\" srcset=\"https:\/\/lepontdescerfs.fr\/wp-content\/uploads\/2019\/02\/20180816_174059_resized_1-1024x576.jpg 1024w, https:\/\/lepontdescerfs.fr\/wp-content\/uploads\/2019\/02\/20180816_174059_resized_1-300x169.jpg 300w, https:\/\/lepontdescerfs.fr\/wp-content\/uploads\/2019\/02\/20180816_174059_resized_1-768x432.jpg 768w\" sizes=\"(max-width: 706px) 89vw, (max-width: 767px) 82vw, 740px\" \/><\/a><figcaption>B\u00e2che en attendant de refaire le toit.<\/figcaption><\/figure>\n","protected":false},"excerpt":{"rendered":"","protected":false},"author":1,"featured_media":0,"parent":0,"menu_order":0,"comment_status":"closed","ping_status":"closed","template":"","meta":{"footnotes":""},"_links":{"self":[{"href":"https:\/\/lepontdescerfs.fr\/index.php?rest_route=\/wp\/v2\/pages\/194"}],"collection":[{"href":"https:\/\/lepontdescerfs.fr\/index.php?rest_route=\/wp\/v2\/pages"}],"about":[{"href":"https:\/\/lepontdescerfs.fr\/index.php?rest_route=\/wp\/v2\/types\/page"}],"author":[{"embeddable":true,"href":"https:\/\/lepontdescerfs.fr\/index.php?rest_route=\/wp\/v2\/users\/1"}],"replies":[{"embeddable":true,"href":"https:\/\/lepontdescerfs.fr\/index.php?rest_route=%2Fwp%2Fv2%2Fcomments&post=194"}],"version-history":[{"count":5,"href":"https:\/\/lepontdescerfs.fr\/index.php?rest_route=\/wp\/v2\/pages\/194\/revisions"}],"predecessor-version":[{"id":221,"href":"https:\/\/lepontdescerfs.fr\/index.php?rest_route=\/wp\/v2\/pages\/194\/revisions\/221"}],"wp:attachment":[{"href":"https:\/\/lepontdescerfs.fr\/index.php?rest_route=%2Fwp%2Fv2%2Fmedia&parent=194"}],"curies":[{"name":"wp","href":"https:\/\/api.w.org\/{rel}","templated":true}]}}