{"id":210,"date":"2019-02-28T20:15:05","date_gmt":"2019-02-28T19:15:05","guid":{"rendered":"http:\/\/lepontdescerfs.fr\/?page_id=210"},"modified":"2019-02-28T20:24:41","modified_gmt":"2019-02-28T19:24:41","slug":"laveyron","status":"publish","type":"page","link":"https:\/\/lepontdescerfs.fr\/?page_id=210","title":{"rendered":"L&rsquo;Aveyron"},"content":{"rendered":"\n<figure class=\"wp-block-image\"><a href=\"https:\/\/lepontdescerfs.fr\/wp-content\/uploads\/2019\/02\/20180126_170130_resized.jpg\" target=\"_blank\" rel=\"noreferrer noopener\"><img loading=\"lazy\" decoding=\"async\" width=\"1024\" height=\"576\" src=\"https:\/\/lepontdescerfs.fr\/wp-content\/uploads\/2019\/02\/20180126_170130_resized-1024x576.jpg\" alt=\"\" class=\"wp-image-208\" srcset=\"https:\/\/lepontdescerfs.fr\/wp-content\/uploads\/2019\/02\/20180126_170130_resized-1024x576.jpg 1024w, https:\/\/lepontdescerfs.fr\/wp-content\/uploads\/2019\/02\/20180126_170130_resized-300x169.jpg 300w, https:\/\/lepontdescerfs.fr\/wp-content\/uploads\/2019\/02\/20180126_170130_resized-768x432.jpg 768w\" sizes=\"(max-width: 706px) 89vw, (max-width: 767px) 82vw, 740px\" \/><\/a><figcaption>Hiver 2017-2018 l&rsquo;Aveyron passant au pont des cerfs est sorti de son lit.<\/figcaption><\/figure>\n\n\n\n<figure class=\"wp-block-image\"><a href=\"https:\/\/lepontdescerfs.fr\/wp-content\/uploads\/2019\/02\/20180126_170106_resized.jpg\" target=\"_blank\" rel=\"noreferrer noopener\"><img loading=\"lazy\" decoding=\"async\" width=\"1024\" height=\"576\" src=\"https:\/\/lepontdescerfs.fr\/wp-content\/uploads\/2019\/02\/20180126_170106_resized-1024x576.jpg\" alt=\"\" class=\"wp-image-207\" srcset=\"https:\/\/lepontdescerfs.fr\/wp-content\/uploads\/2019\/02\/20180126_170106_resized-1024x576.jpg 1024w, https:\/\/lepontdescerfs.fr\/wp-content\/uploads\/2019\/02\/20180126_170106_resized-300x169.jpg 300w, https:\/\/lepontdescerfs.fr\/wp-content\/uploads\/2019\/02\/20180126_170106_resized-768x432.jpg 768w\" sizes=\"(max-width: 706px) 89vw, (max-width: 767px) 82vw, 740px\" \/><\/a><figcaption>Il s&rsquo;est arr\u00eat\u00e9 dans le champ devant la maison, comme toujours selon ce qui se dit. <\/figcaption><\/figure>\n\n\n\n<figure class=\"wp-block-image\"><img loading=\"lazy\" decoding=\"async\" width=\"1024\" height=\"576\" src=\"https:\/\/lepontdescerfs.fr\/wp-content\/uploads\/2019\/02\/20180126_170540_resized-1024x576.jpg\" alt=\"\" class=\"wp-image-209\" srcset=\"https:\/\/lepontdescerfs.fr\/wp-content\/uploads\/2019\/02\/20180126_170540_resized-1024x576.jpg 1024w, https:\/\/lepontdescerfs.fr\/wp-content\/uploads\/2019\/02\/20180126_170540_resized-300x169.jpg 300w, https:\/\/lepontdescerfs.fr\/wp-content\/uploads\/2019\/02\/20180126_170540_resized-768x432.jpg 768w\" sizes=\"(max-width: 706px) 89vw, (max-width: 767px) 82vw, 740px\" \/><figcaption>Le r\u00e9chauffement climatique va-t-il changer cela ? Le risque pour les riverains est manifeste, ainsi que la r\u00e9duction de la fertilit\u00e9 des terres. Les pouvoirs publics peuvent ils y r\u00e9pondre (curetage des rivi\u00e8res &#8230;) ?<\/figcaption><\/figure>\n","protected":false},"excerpt":{"rendered":"","protected":false},"author":1,"featured_media":0,"parent":0,"menu_order":0,"comment_status":"closed","ping_status":"closed","template":"","meta":{"footnotes":""},"_links":{"self":[{"href":"https:\/\/lepontdescerfs.fr\/index.php?rest_route=\/wp\/v2\/pages\/210"}],"collection":[{"href":"https:\/\/lepontdescerfs.fr\/index.php?rest_route=\/wp\/v2\/pages"}],"about":[{"href":"https:\/\/lepontdescerfs.fr\/index.php?rest_route=\/wp\/v2\/types\/page"}],"author":[{"embeddable":true,"href":"https:\/\/lepontdescerfs.fr\/index.php?rest_route=\/wp\/v2\/users\/1"}],"replies":[{"embeddable":true,"href":"https:\/\/lepontdescerfs.fr\/index.php?rest_route=%2Fwp%2Fv2%2Fcomments&post=210"}],"version-history":[{"count":5,"href":"https:\/\/lepontdescerfs.fr\/index.php?rest_route=\/wp\/v2\/pages\/210\/revisions"}],"predecessor-version":[{"id":216,"href":"https:\/\/lepontdescerfs.fr\/index.php?rest_route=\/wp\/v2\/pages\/210\/revisions\/216"}],"wp:attachment":[{"href":"https:\/\/lepontdescerfs.fr\/index.php?rest_route=%2Fwp%2Fv2%2Fmedia&parent=210"}],"curies":[{"name":"wp","href":"https:\/\/api.w.org\/{rel}","templated":true}]}}