{"id":277,"date":"2019-03-06T10:16:22","date_gmt":"2019-03-06T09:16:22","guid":{"rendered":"http:\/\/lepontdescerfs.fr\/?page_id=277"},"modified":"2019-03-14T10:12:25","modified_gmt":"2019-03-14T09:12:25","slug":"a-propos","status":"publish","type":"page","link":"https:\/\/lepontdescerfs.fr\/?page_id=277","title":{"rendered":"A propos"},"content":{"rendered":"\n<p>Ce site documente la r\u00e9novation en zone agricole\/habitable d&rsquo;une ancienne maison sur un terrain de 1860 m\u00b2 par un particulier souhaitant identifier comment il est possible en autoconstruction, avec un budget modeste et en utilisant des mat\u00e9riaux naturels :<\/p>\n\n\n\n<ul><li>d&rsquo;obtenir un habitat confortable et performant en \u00e9nergie ;<\/li><li>produisant une partie des besoins alimentaires ;<\/li><li>et contribuant \u00e0 la biodiversit\u00e9.<\/li><\/ul>\n\n\n\n<p>Au del\u00e0 de l&rsquo;opposition entre une agriculture industrielle et des modes de vie qui b\u00e9tonnent toujours plus de terres arables &#8211; qui constituent les deux faces d&rsquo;une m\u00eame m\u00e9daille, celle d&rsquo;une fuite en avant vers la centralisation et le gigantisme &#8211; il semble possible d&rsquo;aller vers des exploitations agricoles de taille plus r\u00e9duite, produisant de meilleurs aliments, coexistant avec un habitat incit\u00e9 \u00e0 revivifier les territoires.<\/p>\n\n\n\n<p>Patrick Guedj<\/p>\n\n\n\n<p>contact[@]lepontdescerfs.fr<br><\/p>\n","protected":false},"excerpt":{"rendered":"<p>Ce site documente la r\u00e9novation en zone agricole\/habitable d&rsquo;une ancienne maison sur un terrain de 1860 m\u00b2 par un particulier souhaitant identifier comment il est possible en autoconstruction, avec un budget modeste et en utilisant des mat\u00e9riaux naturels : d&rsquo;obtenir un habitat confortable et performant en \u00e9nergie ; produisant une partie des besoins alimentaires ; &hellip; <\/p>\n<p class=\"link-more\"><a href=\"https:\/\/lepontdescerfs.fr\/?page_id=277\" class=\"more-link\">Continuer la lecture<span class=\"screen-reader-text\"> de &laquo;&nbsp;A propos&nbsp;&raquo;<\/span><\/a><\/p>\n","protected":false},"author":1,"featured_media":0,"parent":0,"menu_order":0,"comment_status":"closed","ping_status":"closed","template":"","meta":{"footnotes":""},"_links":{"self":[{"href":"https:\/\/lepontdescerfs.fr\/index.php?rest_route=\/wp\/v2\/pages\/277"}],"collection":[{"href":"https:\/\/lepontdescerfs.fr\/index.php?rest_route=\/wp\/v2\/pages"}],"about":[{"href":"https:\/\/lepontdescerfs.fr\/index.php?rest_route=\/wp\/v2\/types\/page"}],"author":[{"embeddable":true,"href":"https:\/\/lepontdescerfs.fr\/index.php?rest_route=\/wp\/v2\/users\/1"}],"replies":[{"embeddable":true,"href":"https:\/\/lepontdescerfs.fr\/index.php?rest_route=%2Fwp%2Fv2%2Fcomments&post=277"}],"version-history":[{"count":4,"href":"https:\/\/lepontdescerfs.fr\/index.php?rest_route=\/wp\/v2\/pages\/277\/revisions"}],"predecessor-version":[{"id":287,"href":"https:\/\/lepontdescerfs.fr\/index.php?rest_route=\/wp\/v2\/pages\/277\/revisions\/287"}],"wp:attachment":[{"href":"https:\/\/lepontdescerfs.fr\/index.php?rest_route=%2Fwp%2Fv2%2Fmedia&parent=277"}],"curies":[{"name":"wp","href":"https:\/\/api.w.org\/{rel}","templated":true}]}}