{"id":301,"date":"2019-03-19T09:31:23","date_gmt":"2019-03-19T08:31:23","guid":{"rendered":"http:\/\/lepontdescerfs.fr\/?page_id=301"},"modified":"2019-03-19T10:57:31","modified_gmt":"2019-03-19T09:57:31","slug":"le-hangar-metallique","status":"publish","type":"page","link":"https:\/\/lepontdescerfs.fr\/?page_id=301","title":{"rendered":"Le hangar m\u00e9tallique"},"content":{"rendered":"\n<figure class=\"wp-block-image\"><a href=\"https:\/\/lepontdescerfs.fr\/wp-content\/uploads\/2019\/03\/20170730_155210_resized.jpg\" target=\"_blank\" rel=\"noreferrer noopener\"><img loading=\"lazy\" decoding=\"async\" width=\"1024\" height=\"576\" src=\"https:\/\/lepontdescerfs.fr\/wp-content\/uploads\/2019\/03\/20170730_155210_resized-1024x576.jpg\" alt=\"\" class=\"wp-image-317\" srcset=\"https:\/\/lepontdescerfs.fr\/wp-content\/uploads\/2019\/03\/20170730_155210_resized-1024x576.jpg 1024w, https:\/\/lepontdescerfs.fr\/wp-content\/uploads\/2019\/03\/20170730_155210_resized-300x169.jpg 300w, https:\/\/lepontdescerfs.fr\/wp-content\/uploads\/2019\/03\/20170730_155210_resized-768x432.jpg 768w\" sizes=\"(max-width: 706px) 89vw, (max-width: 767px) 82vw, 740px\" \/><\/a><figcaption>Hangar m\u00e9tallique devant la maison. Trop moderne et il bouche la vue, \u00e0 supprimer \u00e0 terme. <\/figcaption><\/figure>\n\n\n\n<figure class=\"wp-block-image\"><a href=\"https:\/\/lepontdescerfs.fr\/wp-content\/uploads\/2019\/03\/20190310_152822_resized.jpg\" target=\"_blank\" rel=\"noreferrer noopener\"><img loading=\"lazy\" decoding=\"async\" width=\"1024\" height=\"768\" src=\"https:\/\/lepontdescerfs.fr\/wp-content\/uploads\/2019\/03\/20190310_152822_resized-1024x768.jpg\" alt=\"\" class=\"wp-image-298\" srcset=\"https:\/\/lepontdescerfs.fr\/wp-content\/uploads\/2019\/03\/20190310_152822_resized-1024x768.jpg 1024w, https:\/\/lepontdescerfs.fr\/wp-content\/uploads\/2019\/03\/20190310_152822_resized-300x225.jpg 300w, https:\/\/lepontdescerfs.fr\/wp-content\/uploads\/2019\/03\/20190310_152822_resized-768x576.jpg 768w\" sizes=\"(max-width: 706px) 89vw, (max-width: 767px) 82vw, 740px\" \/><\/a><figcaption>Le bardage tient comme il peut. Avec le vent important de ce d\u00e9but mars 2019 le risque existe qu&rsquo;une planche soit emport\u00e9e et heurte par malchance un passant du petit chemin agricole \u00e0 droite. Ce bardage est donc \u00e0 supprimer d&rsquo;urgence.<\/figcaption><\/figure>\n\n\n\n<figure class=\"wp-block-image\"><a href=\"https:\/\/lepontdescerfs.fr\/wp-content\/uploads\/2019\/03\/20190310_152929_resized.jpg\" target=\"_blank\" rel=\"noreferrer noopener\"><img loading=\"lazy\" decoding=\"async\" width=\"1024\" height=\"768\" src=\"https:\/\/lepontdescerfs.fr\/wp-content\/uploads\/2019\/03\/20190310_152929_resized-1024x768.jpg\" alt=\"\" class=\"wp-image-299\" srcset=\"https:\/\/lepontdescerfs.fr\/wp-content\/uploads\/2019\/03\/20190310_152929_resized-1024x768.jpg 1024w, https:\/\/lepontdescerfs.fr\/wp-content\/uploads\/2019\/03\/20190310_152929_resized-300x225.jpg 300w, https:\/\/lepontdescerfs.fr\/wp-content\/uploads\/2019\/03\/20190310_152929_resized-768x576.jpg 768w\" sizes=\"(max-width: 706px) 89vw, (max-width: 767px) 82vw, 740px\" \/><\/a><figcaption>De l&rsquo;autre cot\u00e9. 8 m\u00e8tres au plus haut, avec une structure bois largement rong\u00e9e. Il faut imp\u00e9rativement appuyer l&rsquo;\u00e9chelle sur la structure m\u00e9tallique, la fixer \u00e0 la structure (sol incertain en terre), s&rsquo;assurer avec une corde d&rsquo;escalade et demander \u00e0 un voisin de passer de temps en temps.<\/figcaption><\/figure>\n\n\n\n<figure class=\"wp-block-image\"><a href=\"https:\/\/lepontdescerfs.fr\/wp-content\/uploads\/2019\/03\/20190312_175743_resized.jpg\" target=\"_blank\" rel=\"noreferrer noopener\"><img loading=\"lazy\" decoding=\"async\" width=\"1024\" height=\"768\" src=\"https:\/\/lepontdescerfs.fr\/wp-content\/uploads\/2019\/03\/20190312_175743_resized-1024x768.jpg\" alt=\"\" class=\"wp-image-300\" srcset=\"https:\/\/lepontdescerfs.fr\/wp-content\/uploads\/2019\/03\/20190312_175743_resized-1024x768.jpg 1024w, https:\/\/lepontdescerfs.fr\/wp-content\/uploads\/2019\/03\/20190312_175743_resized-300x225.jpg 300w, https:\/\/lepontdescerfs.fr\/wp-content\/uploads\/2019\/03\/20190312_175743_resized-768x576.jpg 768w\" sizes=\"(max-width: 706px) 89vw, (max-width: 767px) 82vw, 740px\" \/><\/a><figcaption>Apr\u00e8s une journ\u00e9e de travail presque tout le bardage est retir\u00e9 et rang\u00e9.<\/figcaption><\/figure>\n\n\n\n<figure class=\"wp-block-image\"><a href=\"https:\/\/lepontdescerfs.fr\/wp-content\/uploads\/2019\/03\/20190316_184206_resized.jpg\" target=\"_blank\" rel=\"noreferrer noopener\"><img loading=\"lazy\" decoding=\"async\" width=\"1024\" height=\"768\" src=\"https:\/\/lepontdescerfs.fr\/wp-content\/uploads\/2019\/03\/20190316_184206_resized-1024x768.jpg\" alt=\"\" class=\"wp-image-308\" srcset=\"https:\/\/lepontdescerfs.fr\/wp-content\/uploads\/2019\/03\/20190316_184206_resized-1024x768.jpg 1024w, https:\/\/lepontdescerfs.fr\/wp-content\/uploads\/2019\/03\/20190316_184206_resized-300x225.jpg 300w, https:\/\/lepontdescerfs.fr\/wp-content\/uploads\/2019\/03\/20190316_184206_resized-768x576.jpg 768w\" sizes=\"(max-width: 706px) 89vw, (max-width: 767px) 82vw, 740px\" \/><\/a><figcaption>Fini, ce qui d\u00e9gage la vue devant la maison et laisse mieux le soleil \u00e9clairer le terrain.<\/figcaption><\/figure>\n","protected":false},"excerpt":{"rendered":"","protected":false},"author":1,"featured_media":0,"parent":0,"menu_order":0,"comment_status":"closed","ping_status":"closed","template":"","meta":{"footnotes":""},"_links":{"self":[{"href":"https:\/\/lepontdescerfs.fr\/index.php?rest_route=\/wp\/v2\/pages\/301"}],"collection":[{"href":"https:\/\/lepontdescerfs.fr\/index.php?rest_route=\/wp\/v2\/pages"}],"about":[{"href":"https:\/\/lepontdescerfs.fr\/index.php?rest_route=\/wp\/v2\/types\/page"}],"author":[{"embeddable":true,"href":"https:\/\/lepontdescerfs.fr\/index.php?rest_route=\/wp\/v2\/users\/1"}],"replies":[{"embeddable":true,"href":"https:\/\/lepontdescerfs.fr\/index.php?rest_route=%2Fwp%2Fv2%2Fcomments&post=301"}],"version-history":[{"count":9,"href":"https:\/\/lepontdescerfs.fr\/index.php?rest_route=\/wp\/v2\/pages\/301\/revisions"}],"predecessor-version":[{"id":321,"href":"https:\/\/lepontdescerfs.fr\/index.php?rest_route=\/wp\/v2\/pages\/301\/revisions\/321"}],"wp:attachment":[{"href":"https:\/\/lepontdescerfs.fr\/index.php?rest_route=%2Fwp%2Fv2%2Fmedia&parent=301"}],"curies":[{"name":"wp","href":"https:\/\/api.w.org\/{rel}","templated":true}]}}