{"id":324,"date":"2019-03-19T12:44:38","date_gmt":"2019-03-19T11:44:38","guid":{"rendered":"http:\/\/lepontdescerfs.fr\/?page_id=324"},"modified":"2019-03-19T13:08:39","modified_gmt":"2019-03-19T12:08:39","slug":"lassainissement","status":"publish","type":"page","link":"https:\/\/lepontdescerfs.fr\/?page_id=324","title":{"rendered":"L&rsquo;assainissement"},"content":{"rendered":"\n<figure class=\"wp-block-image\"><a href=\"https:\/\/lepontdescerfs.fr\/wp-content\/uploads\/2019\/03\/20180824_193407_resized.jpg\" target=\"_blank\" rel=\"noreferrer noopener\"><img loading=\"lazy\" decoding=\"async\" width=\"576\" height=\"1024\" src=\"https:\/\/lepontdescerfs.fr\/wp-content\/uploads\/2019\/03\/20180824_193407_resized-576x1024.jpg\" alt=\"\" class=\"wp-image-323\" srcset=\"https:\/\/lepontdescerfs.fr\/wp-content\/uploads\/2019\/03\/20180824_193407_resized-576x1024.jpg 576w, https:\/\/lepontdescerfs.fr\/wp-content\/uploads\/2019\/03\/20180824_193407_resized-169x300.jpg 169w, https:\/\/lepontdescerfs.fr\/wp-content\/uploads\/2019\/03\/20180824_193407_resized-768x1365.jpg 768w, https:\/\/lepontdescerfs.fr\/wp-content\/uploads\/2019\/03\/20180824_193407_resized.jpg 1377w\" sizes=\"(max-width: 576px) 100vw, 576px\" \/><\/a><figcaption>Mise \u00e0 jour de l&rsquo;ancien syst\u00e8me d&rsquo;assainissement. Un simple coffrage ma\u00e7onn\u00e9 sur trois face et rempli de terre et de pierres, reli\u00e9 \u00e0 la maison par un tuyau. A remplacer par des filtres plant\u00e9s (phyto\u00e9puration) et des toilettes s\u00e8ches. Cf arr\u00eat\u00e9 du 7 septembre 2009 sur les installations d&rsquo;assainissement non collectif.<\/figcaption><\/figure>\n","protected":false},"excerpt":{"rendered":"","protected":false},"author":1,"featured_media":0,"parent":0,"menu_order":0,"comment_status":"closed","ping_status":"closed","template":"","meta":{"footnotes":""},"_links":{"self":[{"href":"https:\/\/lepontdescerfs.fr\/index.php?rest_route=\/wp\/v2\/pages\/324"}],"collection":[{"href":"https:\/\/lepontdescerfs.fr\/index.php?rest_route=\/wp\/v2\/pages"}],"about":[{"href":"https:\/\/lepontdescerfs.fr\/index.php?rest_route=\/wp\/v2\/types\/page"}],"author":[{"embeddable":true,"href":"https:\/\/lepontdescerfs.fr\/index.php?rest_route=\/wp\/v2\/users\/1"}],"replies":[{"embeddable":true,"href":"https:\/\/lepontdescerfs.fr\/index.php?rest_route=%2Fwp%2Fv2%2Fcomments&post=324"}],"version-history":[{"count":4,"href":"https:\/\/lepontdescerfs.fr\/index.php?rest_route=\/wp\/v2\/pages\/324\/revisions"}],"predecessor-version":[{"id":329,"href":"https:\/\/lepontdescerfs.fr\/index.php?rest_route=\/wp\/v2\/pages\/324\/revisions\/329"}],"wp:attachment":[{"href":"https:\/\/lepontdescerfs.fr\/index.php?rest_route=%2Fwp%2Fv2%2Fmedia&parent=324"}],"curies":[{"name":"wp","href":"https:\/\/api.w.org\/{rel}","templated":true}]}}