{"id":40,"date":"2019-02-26T19:49:29","date_gmt":"2019-02-26T18:49:29","guid":{"rendered":"http:\/\/lepontdescerfs.fr\/?page_id=40"},"modified":"2019-03-22T17:02:56","modified_gmt":"2019-03-22T16:02:56","slug":"le-projet","status":"publish","type":"page","link":"https:\/\/lepontdescerfs.fr\/?page_id=40","title":{"rendered":"Le projet"},"content":{"rendered":"\n<div class=\"wp-block-image\"><figure class=\"alignleft\"><a href=\"https:\/\/lepontdescerfs.fr\/wp-content\/uploads\/2019\/02\/cu-de-aout-2017.png\" target=\"_blank\" rel=\"noreferrer noopener\"><img loading=\"lazy\" decoding=\"async\" width=\"300\" height=\"186\" src=\"https:\/\/lepontdescerfs.fr\/wp-content\/uploads\/2019\/02\/cu-de-aout-2017-300x186.png\" alt=\"\" class=\"wp-image-41\" srcset=\"https:\/\/lepontdescerfs.fr\/wp-content\/uploads\/2019\/02\/cu-de-aout-2017-300x186.png 300w, https:\/\/lepontdescerfs.fr\/wp-content\/uploads\/2019\/02\/cu-de-aout-2017-768x476.png 768w, https:\/\/lepontdescerfs.fr\/wp-content\/uploads\/2019\/02\/cu-de-aout-2017-1024x634.png 1024w, https:\/\/lepontdescerfs.fr\/wp-content\/uploads\/2019\/02\/cu-de-aout-2017.png 1282w\" sizes=\"(max-width: 300px) 100vw, 300px\" \/><\/a><figcaption>Projet initial en ao\u00fbt 2017 (cliquer sur l&rsquo;image)<\/figcaption><\/figure><\/div>\n\n\n\n<h2 class=\"wp-block-heading\">Planning<\/h2>\n\n\n\n<table class=\"wp-block-table alignleft has-fixed-layout is-style-regular\"><tbody><tr><td>2017 d\u00e9cembre<\/td><td>Achat de la maison et du terrain (1 860m\u00b2)<\/td><\/tr><tr><td>2018 janv-avril<\/td><td>Nettoyage et rangement des locaux<\/td><\/tr><tr><td>2018 juin<\/td><td>Creusement du foss\u00e9 d&rsquo;\u00e9vacuation des eaux de pluie<\/td><\/tr><tr><td>2018 juin<\/td><td>Plantation des premi\u00e8res patates<\/td><\/tr><tr><td>2018 juillet<\/td><td>D\u00e9pose du plancher du grenier<\/td><\/tr><tr><td>2018 ao\u00fbt<\/td><td>D\u00e9pose du toit de l&rsquo;abri<\/td><\/tr><tr><td>2018 ao\u00fbt<\/td><td>Mise \u00e0 jour de l&rsquo;ancien syst\u00e8me d&rsquo;assainissement<\/td><\/tr><tr><td>2018 ao\u00fbt<\/td><td>Installation du composteur<\/td><\/tr><tr><td>2018 sept-oct<\/td><td>Abattage des arbres<\/td><\/tr><tr><td>2018 nov-dec<\/td><td>R\u00e9paration du toit<\/td><\/tr><tr><td>2018 dec-janv<\/td><td>Suppression du plancher du grenier<\/td><\/tr><tr><td>2019 janv<\/td><td>Fabrication de la porte de la grange<\/td><\/tr><tr><td>dec-mars 2019 <\/td><td>Plantation des arbres fruitiers<\/td><\/tr><tr><td>2019 fev-mars<\/td><td>D\u00e9pose des enduits int\u00e9rieurs<\/td><\/tr><tr><td>2019 mars<\/td><td>Installation du po\u00eale<\/td><\/tr><tr><td>2019 mars<\/td><td>D\u00e9pose du bardage du hangar m\u00e9tallique <\/td><\/tr><tr><td><strong>A faire<\/strong><\/td><td><\/td><\/tr><tr><td><br><\/td><td><em>chemin\u00e9e \u00e0 d\u00e9monter \/ remplacer<br>installer la porte de la grange<br>refaire le toit + isoler<br>faire plancher du grenier<br>r\u00e9-enduire les murs (chaux\/chanvre)<br>traiter la charpente<br>installer l&rsquo;eau du puits (pompe, filtration)<br>installer l&rsquo;\u00e9lectricit\u00e9<br>phyto\u00e9puration<br>vider, nettoyer (ma\u00e7onner ?) le puits<br>poser 2 portes et 2 fen\u00eatres<br>enlever les souches<br>faire un toit pour le puits<br>refaire le toit de l&rsquo;abri<\/em><br><em>installer des  panneaux solaires thermiques<br>installer des panneaux solaires photovolta\u00efques (blockchain)<\/em><\/td><\/tr><\/tbody><\/table>\n","protected":false},"excerpt":{"rendered":"<p>Planning 2017 d\u00e9cembre Achat de la maison et du terrain (1 860m\u00b2) 2018 janv-avril Nettoyage et rangement des locaux 2018 juin Creusement du foss\u00e9 d&rsquo;\u00e9vacuation des eaux de pluie 2018 juin Plantation des premi\u00e8res patates 2018 juillet D\u00e9pose du plancher du grenier 2018 ao\u00fbt D\u00e9pose du toit de l&rsquo;abri 2018 ao\u00fbt Mise \u00e0 jour de &hellip; <\/p>\n<p class=\"link-more\"><a href=\"https:\/\/lepontdescerfs.fr\/?page_id=40\" class=\"more-link\">Continuer la lecture<span class=\"screen-reader-text\"> de &laquo;&nbsp;Le projet&nbsp;&raquo;<\/span><\/a><\/p>\n","protected":false},"author":1,"featured_media":0,"parent":0,"menu_order":0,"comment_status":"closed","ping_status":"closed","template":"","meta":{"footnotes":""},"_links":{"self":[{"href":"https:\/\/lepontdescerfs.fr\/index.php?rest_route=\/wp\/v2\/pages\/40"}],"collection":[{"href":"https:\/\/lepontdescerfs.fr\/index.php?rest_route=\/wp\/v2\/pages"}],"about":[{"href":"https:\/\/lepontdescerfs.fr\/index.php?rest_route=\/wp\/v2\/types\/page"}],"author":[{"embeddable":true,"href":"https:\/\/lepontdescerfs.fr\/index.php?rest_route=\/wp\/v2\/users\/1"}],"replies":[{"embeddable":true,"href":"https:\/\/lepontdescerfs.fr\/index.php?rest_route=%2Fwp%2Fv2%2Fcomments&post=40"}],"version-history":[{"count":73,"href":"https:\/\/lepontdescerfs.fr\/index.php?rest_route=\/wp\/v2\/pages\/40\/revisions"}],"predecessor-version":[{"id":385,"href":"https:\/\/lepontdescerfs.fr\/index.php?rest_route=\/wp\/v2\/pages\/40\/revisions\/385"}],"wp:attachment":[{"href":"https:\/\/lepontdescerfs.fr\/index.php?rest_route=%2Fwp%2Fv2%2Fmedia&parent=40"}],"curies":[{"name":"wp","href":"https:\/\/api.w.org\/{rel}","templated":true}]}}