{"id":431,"date":"2019-04-17T14:03:13","date_gmt":"2019-04-17T12:03:13","guid":{"rendered":"http:\/\/lepontdescerfs.fr\/?page_id=431"},"modified":"2019-04-17T14:24:00","modified_gmt":"2019-04-17T12:24:00","slug":"les-poutres","status":"publish","type":"page","link":"https:\/\/lepontdescerfs.fr\/?page_id=431","title":{"rendered":"Les poutres"},"content":{"rendered":"\n<figure class=\"wp-block-image\"><a href=\"https:\/\/lepontdescerfs.fr\/wp-content\/uploads\/2019\/04\/20190410_161145_resized.jpg\" target=\"_blank\" rel=\"noreferrer noopener\"><img loading=\"lazy\" decoding=\"async\" width=\"1024\" height=\"768\" src=\"https:\/\/lepontdescerfs.fr\/wp-content\/uploads\/2019\/04\/20190410_161145_resized-1024x768.jpg\" alt=\"\" class=\"wp-image-390\" srcset=\"https:\/\/lepontdescerfs.fr\/wp-content\/uploads\/2019\/04\/20190410_161145_resized-1024x768.jpg 1024w, https:\/\/lepontdescerfs.fr\/wp-content\/uploads\/2019\/04\/20190410_161145_resized-300x225.jpg 300w, https:\/\/lepontdescerfs.fr\/wp-content\/uploads\/2019\/04\/20190410_161145_resized-768x576.jpg 768w\" sizes=\"(max-width: 706px) 89vw, (max-width: 767px) 82vw, 740px\" \/><\/a><figcaption>D\u00e9pose des solives (16cm x 9cm) pour poncer la peinture qui les recouvre.<\/figcaption><\/figure>\n\n\n\n<figure class=\"wp-block-image\"><a href=\"https:\/\/lepontdescerfs.fr\/wp-content\/uploads\/2019\/04\/20190414_190732_resized.jpg\" target=\"_blank\" rel=\"noreferrer noopener\"><img loading=\"lazy\" decoding=\"async\" width=\"768\" height=\"1024\" src=\"https:\/\/lepontdescerfs.fr\/wp-content\/uploads\/2019\/04\/20190414_190732_resized-768x1024.jpg\" alt=\"\" class=\"wp-image-429\" srcset=\"https:\/\/lepontdescerfs.fr\/wp-content\/uploads\/2019\/04\/20190414_190732_resized-768x1024.jpg 768w, https:\/\/lepontdescerfs.fr\/wp-content\/uploads\/2019\/04\/20190414_190732_resized-225x300.jpg 225w, https:\/\/lepontdescerfs.fr\/wp-content\/uploads\/2019\/04\/20190414_190732_resized.jpg 1836w\" sizes=\"(max-width: 706px) 89vw, (max-width: 767px) 82vw, 740px\" \/><\/a><figcaption>Protection de l&rsquo;\u00e9tabli par une tente improvis\u00e9e pour ne pas r\u00e9pandre la peinture.<\/figcaption><\/figure>\n\n\n\n<figure class=\"wp-block-image\"><a href=\"https:\/\/lepontdescerfs.fr\/wp-content\/uploads\/2019\/04\/20190410_161611_resized.jpg\" target=\"_blank\" rel=\"noreferrer noopener\"><img loading=\"lazy\" decoding=\"async\" width=\"768\" height=\"1024\" src=\"https:\/\/lepontdescerfs.fr\/wp-content\/uploads\/2019\/04\/20190410_161611_resized-768x1024.jpg\" alt=\"\" class=\"wp-image-391\" srcset=\"https:\/\/lepontdescerfs.fr\/wp-content\/uploads\/2019\/04\/20190410_161611_resized-768x1024.jpg 768w, https:\/\/lepontdescerfs.fr\/wp-content\/uploads\/2019\/04\/20190410_161611_resized-225x300.jpg 225w, https:\/\/lepontdescerfs.fr\/wp-content\/uploads\/2019\/04\/20190410_161611_resized.jpg 1836w\" sizes=\"(max-width: 706px) 89vw, (max-width: 767px) 82vw, 740px\" \/><\/a><figcaption>Le bois (blanc, du r\u00e9sineux peut \u00eatre) appara\u00eet bien conserv\u00e9 malgr\u00e9 des piq\u00fbres d&rsquo;insectes en surface.<\/figcaption><\/figure>\n","protected":false},"excerpt":{"rendered":"","protected":false},"author":1,"featured_media":0,"parent":0,"menu_order":0,"comment_status":"closed","ping_status":"closed","template":"","meta":{"footnotes":""},"_links":{"self":[{"href":"https:\/\/lepontdescerfs.fr\/index.php?rest_route=\/wp\/v2\/pages\/431"}],"collection":[{"href":"https:\/\/lepontdescerfs.fr\/index.php?rest_route=\/wp\/v2\/pages"}],"about":[{"href":"https:\/\/lepontdescerfs.fr\/index.php?rest_route=\/wp\/v2\/types\/page"}],"author":[{"embeddable":true,"href":"https:\/\/lepontdescerfs.fr\/index.php?rest_route=\/wp\/v2\/users\/1"}],"replies":[{"embeddable":true,"href":"https:\/\/lepontdescerfs.fr\/index.php?rest_route=%2Fwp%2Fv2%2Fcomments&post=431"}],"version-history":[{"count":3,"href":"https:\/\/lepontdescerfs.fr\/index.php?rest_route=\/wp\/v2\/pages\/431\/revisions"}],"predecessor-version":[{"id":436,"href":"https:\/\/lepontdescerfs.fr\/index.php?rest_route=\/wp\/v2\/pages\/431\/revisions\/436"}],"wp:attachment":[{"href":"https:\/\/lepontdescerfs.fr\/index.php?rest_route=%2Fwp%2Fv2%2Fmedia&parent=431"}],"curies":[{"name":"wp","href":"https:\/\/api.w.org\/{rel}","templated":true}]}}