{"id":64,"date":"2019-02-26T20:25:29","date_gmt":"2019-02-26T19:25:29","guid":{"rendered":"http:\/\/lepontdescerfs.fr\/?page_id=64"},"modified":"2019-05-08T19:55:15","modified_gmt":"2019-05-08T17:55:15","slug":"les-chantiers","status":"publish","type":"page","link":"https:\/\/lepontdescerfs.fr\/?page_id=64","title":{"rendered":"Les chantiers"},"content":{"rendered":"\n<p class=\"has-medium-font-size\">(<strong>Cliquer sur les images pour acc\u00e9der au d\u00e9tail des chantiers<\/strong>)<\/p>\n\n\n\n<h2 class=\"wp-block-heading\">Le toit<\/h2>\n\n\n\n<figure class=\"wp-block-image\"><a href=\"https:\/\/lepontdescerfs.fr\/?page_id=90\" target=\"_blank\" rel=\"noreferrer noopener\"><img loading=\"lazy\" decoding=\"async\" width=\"300\" height=\"169\" src=\"https:\/\/lepontdescerfs.fr\/wp-content\/uploads\/2019\/02\/20170730_153044_resized_1-300x169.jpg\" alt=\"\" class=\"wp-image-73\" srcset=\"https:\/\/lepontdescerfs.fr\/wp-content\/uploads\/2019\/02\/20170730_153044_resized_1-300x169.jpg 300w, https:\/\/lepontdescerfs.fr\/wp-content\/uploads\/2019\/02\/20170730_153044_resized_1-768x432.jpg 768w, https:\/\/lepontdescerfs.fr\/wp-content\/uploads\/2019\/02\/20170730_153044_resized_1-1024x576.jpg 1024w\" sizes=\"(max-width: 300px) 100vw, 300px\" \/><\/a><\/figure>\n\n\n\n<h2 class=\"wp-block-heading\">Les arbres \u00e0 l&rsquo;arri\u00e8re de la maison<\/h2>\n\n\n\n<figure class=\"wp-block-image\"><a href=\"https:\/\/lepontdescerfs.fr\/?page_id=113\" target=\"_blank\" rel=\"noreferrer noopener\"><img loading=\"lazy\" decoding=\"async\" width=\"225\" height=\"300\" src=\"https:\/\/lepontdescerfs.fr\/wp-content\/uploads\/2019\/02\/20180919_191629_resized-225x300.jpg\" alt=\"\" class=\"wp-image-106\" srcset=\"https:\/\/lepontdescerfs.fr\/wp-content\/uploads\/2019\/02\/20180919_191629_resized-225x300.jpg 225w, https:\/\/lepontdescerfs.fr\/wp-content\/uploads\/2019\/02\/20180919_191629_resized-768x1024.jpg 768w, https:\/\/lepontdescerfs.fr\/wp-content\/uploads\/2019\/02\/20180919_191629_resized.jpg 1836w\" sizes=\"(max-width: 225px) 100vw, 225px\" \/><\/a><\/figure>\n\n\n\n<h2 class=\"wp-block-heading\">Les  plantations<\/h2>\n\n\n\n<figure class=\"wp-block-image\"><a href=\"https:\/\/lepontdescerfs.fr\/?page_id=128\" target=\"_blank\" rel=\"noreferrer noopener\"><img loading=\"lazy\" decoding=\"async\" width=\"169\" height=\"300\" src=\"https:\/\/lepontdescerfs.fr\/wp-content\/uploads\/2019\/02\/20180721_183515_resized-169x300.jpg\" alt=\"\" class=\"wp-image-132\" srcset=\"https:\/\/lepontdescerfs.fr\/wp-content\/uploads\/2019\/02\/20180721_183515_resized-169x300.jpg 169w, https:\/\/lepontdescerfs.fr\/wp-content\/uploads\/2019\/02\/20180721_183515_resized-768x1365.jpg 768w, https:\/\/lepontdescerfs.fr\/wp-content\/uploads\/2019\/02\/20180721_183515_resized-576x1024.jpg 576w, https:\/\/lepontdescerfs.fr\/wp-content\/uploads\/2019\/02\/20180721_183515_resized.jpg 1377w\" sizes=\"(max-width: 169px) 100vw, 169px\" \/><\/a><\/figure>\n\n\n\n<h2 class=\"wp-block-heading\">Le puits<\/h2>\n\n\n\n<figure class=\"wp-block-image\"><a href=\"https:\/\/lepontdescerfs.fr\/?page_id=160\" target=\"_blank\" rel=\"noreferrer noopener\"><img loading=\"lazy\" decoding=\"async\" width=\"169\" height=\"300\" src=\"https:\/\/lepontdescerfs.fr\/wp-content\/uploads\/2019\/02\/20180619_140203_resized-169x300.jpg\" alt=\"\" class=\"wp-image-156\" srcset=\"https:\/\/lepontdescerfs.fr\/wp-content\/uploads\/2019\/02\/20180619_140203_resized-169x300.jpg 169w, https:\/\/lepontdescerfs.fr\/wp-content\/uploads\/2019\/02\/20180619_140203_resized-768x1365.jpg 768w, https:\/\/lepontdescerfs.fr\/wp-content\/uploads\/2019\/02\/20180619_140203_resized-576x1024.jpg 576w, https:\/\/lepontdescerfs.fr\/wp-content\/uploads\/2019\/02\/20180619_140203_resized.jpg 1377w\" sizes=\"(max-width: 169px) 100vw, 169px\" \/><\/a><\/figure>\n\n\n\n<h2 class=\"wp-block-heading\">Le po\u00eale<\/h2>\n\n\n\n<figure class=\"wp-block-image\"><a href=\"https:\/\/lepontdescerfs.fr\/?page_id=176\" target=\"_blank\" rel=\"noreferrer noopener\"><img loading=\"lazy\" decoding=\"async\" width=\"225\" height=\"300\" src=\"https:\/\/lepontdescerfs.fr\/wp-content\/uploads\/2019\/03\/20190302_173517_resized-225x300.jpg\" alt=\"\" class=\"wp-image-262\" srcset=\"https:\/\/lepontdescerfs.fr\/wp-content\/uploads\/2019\/03\/20190302_173517_resized-225x300.jpg 225w, https:\/\/lepontdescerfs.fr\/wp-content\/uploads\/2019\/03\/20190302_173517_resized-768x1024.jpg 768w, https:\/\/lepontdescerfs.fr\/wp-content\/uploads\/2019\/03\/20190302_173517_resized.jpg 1836w\" sizes=\"(max-width: 225px) 100vw, 225px\" \/><\/a><\/figure>\n\n\n\n<h2 class=\"wp-block-heading\">Le composteur<\/h2>\n\n\n\n<figure class=\"wp-block-image\"><a href=\"https:\/\/lepontdescerfs.fr\/?page_id=187\" target=\"_blank\" rel=\"noreferrer noopener\"><img loading=\"lazy\" decoding=\"async\" width=\"300\" height=\"169\" src=\"https:\/\/lepontdescerfs.fr\/wp-content\/uploads\/2019\/02\/20180824_193407_resized-300x169.jpg\" alt=\"\" class=\"wp-image-186\" srcset=\"https:\/\/lepontdescerfs.fr\/wp-content\/uploads\/2019\/02\/20180824_193407_resized-300x169.jpg 300w, https:\/\/lepontdescerfs.fr\/wp-content\/uploads\/2019\/02\/20180824_193407_resized-768x432.jpg 768w, https:\/\/lepontdescerfs.fr\/wp-content\/uploads\/2019\/02\/20180824_193407_resized-1024x576.jpg 1024w\" sizes=\"(max-width: 300px) 100vw, 300px\" \/><\/a><\/figure>\n\n\n\n<h2 class=\"wp-block-heading\">L\u2019abri de jardin<\/h2>\n\n\n\n<figure class=\"wp-block-image\"><a href=\"https:\/\/lepontdescerfs.fr\/?page_id=194\" target=\"_blank\" rel=\"noreferrer noopener\"><img loading=\"lazy\" decoding=\"async\" width=\"300\" height=\"169\" src=\"https:\/\/lepontdescerfs.fr\/wp-content\/uploads\/2019\/02\/20170730_155515_resized-300x169.jpg\" alt=\"\" class=\"wp-image-191\" srcset=\"https:\/\/lepontdescerfs.fr\/wp-content\/uploads\/2019\/02\/20170730_155515_resized-300x169.jpg 300w, https:\/\/lepontdescerfs.fr\/wp-content\/uploads\/2019\/02\/20170730_155515_resized-768x432.jpg 768w, https:\/\/lepontdescerfs.fr\/wp-content\/uploads\/2019\/02\/20170730_155515_resized-1024x576.jpg 1024w\" sizes=\"(max-width: 300px) 100vw, 300px\" \/><\/a><\/figure>\n\n\n\n<h2 class=\"wp-block-heading\">Le foss\u00e9 d&rsquo;\u00e9vacuation des eaux de pluie<\/h2>\n\n\n\n<figure class=\"wp-block-image\"><a href=\"https:\/\/lepontdescerfs.fr\/?page_id=202\" target=\"_blank\" rel=\"noreferrer noopener\"><img loading=\"lazy\" decoding=\"async\" width=\"169\" height=\"300\" src=\"https:\/\/lepontdescerfs.fr\/wp-content\/uploads\/2019\/02\/20180603_155710_resized-169x300.jpg\" alt=\"\" class=\"wp-image-201\" srcset=\"https:\/\/lepontdescerfs.fr\/wp-content\/uploads\/2019\/02\/20180603_155710_resized-169x300.jpg 169w, https:\/\/lepontdescerfs.fr\/wp-content\/uploads\/2019\/02\/20180603_155710_resized-768x1365.jpg 768w, https:\/\/lepontdescerfs.fr\/wp-content\/uploads\/2019\/02\/20180603_155710_resized-576x1024.jpg 576w, https:\/\/lepontdescerfs.fr\/wp-content\/uploads\/2019\/02\/20180603_155710_resized.jpg 1377w\" sizes=\"(max-width: 169px) 100vw, 169px\" \/><\/a><\/figure>\n\n\n\n<h2 class=\"wp-block-heading\">L&rsquo;Aveyron<\/h2>\n\n\n\n<figure class=\"wp-block-image\"><a href=\"https:\/\/lepontdescerfs.fr\/?page_id=210\" target=\"_blank\" rel=\"noreferrer noopener\"><img loading=\"lazy\" decoding=\"async\" width=\"300\" height=\"169\" src=\"https:\/\/lepontdescerfs.fr\/wp-content\/uploads\/2019\/02\/20180126_170130_resized-300x169.jpg\" alt=\"\" class=\"wp-image-208\" srcset=\"https:\/\/lepontdescerfs.fr\/wp-content\/uploads\/2019\/02\/20180126_170130_resized-300x169.jpg 300w, https:\/\/lepontdescerfs.fr\/wp-content\/uploads\/2019\/02\/20180126_170130_resized-768x432.jpg 768w, https:\/\/lepontdescerfs.fr\/wp-content\/uploads\/2019\/02\/20180126_170130_resized-1024x576.jpg 1024w\" sizes=\"(max-width: 300px) 100vw, 300px\" \/><\/a><\/figure>\n\n\n\n<h2 class=\"wp-block-heading\">Le grenier<\/h2>\n\n\n\n<figure class=\"wp-block-image\"><a href=\"https:\/\/lepontdescerfs.fr\/?page_id=222\" target=\"_blank\" rel=\"noreferrer noopener\"><img loading=\"lazy\" decoding=\"async\" width=\"300\" height=\"169\" src=\"https:\/\/lepontdescerfs.fr\/wp-content\/uploads\/2019\/02\/20180705_150555_resized-300x169.jpg\" alt=\"\" class=\"wp-image-229\" srcset=\"https:\/\/lepontdescerfs.fr\/wp-content\/uploads\/2019\/02\/20180705_150555_resized-300x169.jpg 300w, https:\/\/lepontdescerfs.fr\/wp-content\/uploads\/2019\/02\/20180705_150555_resized-768x432.jpg 768w, https:\/\/lepontdescerfs.fr\/wp-content\/uploads\/2019\/02\/20180705_150555_resized-1024x576.jpg 1024w\" sizes=\"(max-width: 300px) 100vw, 300px\" \/><\/a><\/figure>\n\n\n\n<h2 class=\"wp-block-heading\">Les murs<\/h2>\n\n\n\n<figure class=\"wp-block-image\"><a href=\"https:\/\/lepontdescerfs.fr\/?page_id=244\" target=\"_blank\" rel=\"noreferrer noopener\"><img loading=\"lazy\" decoding=\"async\" width=\"225\" height=\"300\" src=\"https:\/\/lepontdescerfs.fr\/wp-content\/uploads\/2019\/02\/20190216_172031-225x300.jpg\" alt=\"\" class=\"wp-image-243\" srcset=\"https:\/\/lepontdescerfs.fr\/wp-content\/uploads\/2019\/02\/20190216_172031-225x300.jpg 225w, https:\/\/lepontdescerfs.fr\/wp-content\/uploads\/2019\/02\/20190216_172031-768x1024.jpg 768w\" sizes=\"(max-width: 225px) 100vw, 225px\" \/><\/a><\/figure>\n\n\n\n<h2 class=\"wp-block-heading\">Le hangar m\u00e9tallique<\/h2>\n\n\n\n<figure class=\"wp-block-image\"><a href=\"https:\/\/lepontdescerfs.fr\/?page_id=301\" target=\"_blank\" rel=\"noreferrer noopener\"><img loading=\"lazy\" decoding=\"async\" width=\"300\" height=\"169\" src=\"https:\/\/lepontdescerfs.fr\/wp-content\/uploads\/2019\/03\/20170730_155210_resized-300x169.jpg\" alt=\"\" class=\"wp-image-317\" srcset=\"https:\/\/lepontdescerfs.fr\/wp-content\/uploads\/2019\/03\/20170730_155210_resized-300x169.jpg 300w, https:\/\/lepontdescerfs.fr\/wp-content\/uploads\/2019\/03\/20170730_155210_resized-768x432.jpg 768w, https:\/\/lepontdescerfs.fr\/wp-content\/uploads\/2019\/03\/20170730_155210_resized-1024x576.jpg 1024w\" sizes=\"(max-width: 300px) 100vw, 300px\" \/><\/a><\/figure>\n\n\n\n<h2 class=\"wp-block-heading\">L&rsquo;assainissement<\/h2>\n\n\n\n<p><\/p>\n\n\n\n<figure class=\"wp-block-image\"><a href=\"https:\/\/lepontdescerfs.fr\/?page_id=324\" target=\"_blank\" rel=\"noreferrer noopener\"><img loading=\"lazy\" decoding=\"async\" width=\"169\" height=\"300\" src=\"https:\/\/lepontdescerfs.fr\/wp-content\/uploads\/2019\/03\/20180824_193407_resized-169x300.jpg\" alt=\"\" class=\"wp-image-323\" srcset=\"https:\/\/lepontdescerfs.fr\/wp-content\/uploads\/2019\/03\/20180824_193407_resized-169x300.jpg 169w, https:\/\/lepontdescerfs.fr\/wp-content\/uploads\/2019\/03\/20180824_193407_resized-768x1365.jpg 768w, https:\/\/lepontdescerfs.fr\/wp-content\/uploads\/2019\/03\/20180824_193407_resized-576x1024.jpg 576w, https:\/\/lepontdescerfs.fr\/wp-content\/uploads\/2019\/03\/20180824_193407_resized.jpg 1377w\" sizes=\"(max-width: 169px) 100vw, 169px\" \/><\/a><\/figure>\n\n\n\n<h2 class=\"wp-block-heading\">Les poutres<\/h2>\n\n\n\n<figure class=\"wp-block-image\"><a href=\"https:\/\/lepontdescerfs.fr\/?page_id=431\" target=\"_blank\" rel=\"noreferrer noopener\"><img loading=\"lazy\" decoding=\"async\" width=\"300\" height=\"225\" src=\"https:\/\/lepontdescerfs.fr\/wp-content\/uploads\/2019\/04\/20190410_161145_resized-300x225.jpg\" alt=\"\" class=\"wp-image-390\" srcset=\"https:\/\/lepontdescerfs.fr\/wp-content\/uploads\/2019\/04\/20190410_161145_resized-300x225.jpg 300w, https:\/\/lepontdescerfs.fr\/wp-content\/uploads\/2019\/04\/20190410_161145_resized-768x576.jpg 768w, https:\/\/lepontdescerfs.fr\/wp-content\/uploads\/2019\/04\/20190410_161145_resized-1024x768.jpg 1024w\" sizes=\"(max-width: 300px) 100vw, 300px\" \/><\/a><\/figure>\n","protected":false},"excerpt":{"rendered":"<p>(Cliquer sur les images pour acc\u00e9der au d\u00e9tail des chantiers) Le toit Les arbres \u00e0 l&rsquo;arri\u00e8re de la maison Les plantations Le puits Le po\u00eale Le composteur L\u2019abri de jardin Le foss\u00e9 d&rsquo;\u00e9vacuation des eaux de pluie L&rsquo;Aveyron Le grenier Les murs Le hangar m\u00e9tallique L&rsquo;assainissement Les poutres<\/p>\n","protected":false},"author":1,"featured_media":0,"parent":0,"menu_order":0,"comment_status":"closed","ping_status":"closed","template":"","meta":{"footnotes":""},"_links":{"self":[{"href":"https:\/\/lepontdescerfs.fr\/index.php?rest_route=\/wp\/v2\/pages\/64"}],"collection":[{"href":"https:\/\/lepontdescerfs.fr\/index.php?rest_route=\/wp\/v2\/pages"}],"about":[{"href":"https:\/\/lepontdescerfs.fr\/index.php?rest_route=\/wp\/v2\/types\/page"}],"author":[{"embeddable":true,"href":"https:\/\/lepontdescerfs.fr\/index.php?rest_route=\/wp\/v2\/users\/1"}],"replies":[{"embeddable":true,"href":"https:\/\/lepontdescerfs.fr\/index.php?rest_route=%2Fwp%2Fv2%2Fcomments&post=64"}],"version-history":[{"count":41,"href":"https:\/\/lepontdescerfs.fr\/index.php?rest_route=\/wp\/v2\/pages\/64\/revisions"}],"predecessor-version":[{"id":440,"href":"https:\/\/lepontdescerfs.fr\/index.php?rest_route=\/wp\/v2\/pages\/64\/revisions\/440"}],"wp:attachment":[{"href":"https:\/\/lepontdescerfs.fr\/index.php?rest_route=%2Fwp%2Fv2%2Fmedia&parent=64"}],"curies":[{"name":"wp","href":"https:\/\/api.w.org\/{rel}","templated":true}]}}